{"id":2772,"date":"2023-02-15T09:03:23","date_gmt":"2023-02-15T08:03:23","guid":{"rendered":"https:\/\/www.lidaybasaryova.sk\/?page_id=2772"},"modified":"2023-02-15T16:38:02","modified_gmt":"2023-02-15T15:38:02","slug":"dotacie-neziskovy-sektor","status":"publish","type":"page","link":"https:\/\/www.lidaybasaryova.sk\/en\/dotacie-neziskovy-sektor\/","title":{"rendered":"Eurofondy, granty, dot\u00e1cie a neziskov\u00fd sektor"},"content":{"rendered":"<p class=\"has-large-font-size\"><strong>Na\u0161e slu\u017eby<\/strong><\/p>\n\n\n\n<ul class=\"wp-block-list\">\n<li>Komplexn\u00fd pr\u00e1vny servis pre \u017eiadate\u013eov o&nbsp;pr\u00edspevky z&nbsp;eurofondov a&nbsp;in\u00fdch grantov\u00fdch sch\u00e9m<\/li>\n\n\n\n<li>Pr\u00e1vne poradenstvo a&nbsp;anal\u00fdzy k&nbsp;podmienkam podania \u017eiadosti o&nbsp;pr\u00edspevok \/ dot\u00e1ciu<\/li>\n\n\n\n<li>Pr\u00e1vne zast\u00fapenie v&nbsp;procese z\u00edskavania po\u017eadovan\u00fdch s\u00fahlasov a&nbsp;potvrden\u00ed.<\/li>\n\n\n\n<li>Pripomienkovanie zml\u00fav o&nbsp;poskytnut\u00ed grantov \/ dot\u00e1ci\u00ed.<\/li>\n\n\n\n<li>Rokovania s dod\u00e1vate\u013emi<\/li>\n\n\n\n<li>Vypracovanie alebo pripomienkovanie zml\u00fav s&nbsp;dod\u00e1vate\u013emi<\/li>\n\n\n\n<li>Pomoc s&nbsp;vypracovan\u00edm monitorovac\u00edch spr\u00e1v pre don\u00e1tora<\/li>\n\n\n\n<li>Pr\u00e1vna pomoc pri vysporiadan\u00ed pozemkov<\/li>\n\n\n\n<li>Komplexn\u00e9 pr\u00e1vne slu\u017eby pre mimovl\u00e1dne neziskov\u00e9 organiz\u00e1cie<\/li>\n\n\n\n<li>Poradenstvo s&nbsp;v\u00fdberom vhodnej pr\u00e1vnej formy<\/li>\n\n\n\n<li>Zalo\u017eenie ob\u010dianskeho zdru\u017eenia<\/li>\n\n\n\n<li>Zalo\u017eenie neziskovej organiz\u00e1cie poskytuj\u00facej verejnoprospe\u0161n\u00e9 slu\u017eby<\/li>\n\n\n\n<li>Zalo\u017eenie nad\u00e1cie<\/li>\n\n\n\n<li>Zalo\u017eenie neinvesti\u010dn\u00e9ho fondu<\/li>\n\n\n\n<li>Zalo\u017eenie organiz\u00e1cie s&nbsp;medzin\u00e1rodn\u00fdm prvkom<\/li>\n\n\n\n<li>Zalo\u017eenie soci\u00e1lneho podniku<\/li>\n\n\n\n<li>Vypracovanie, spripomienkovanie a&nbsp;zmeny stanov<\/li>\n\n\n\n<li>Vypracovanie spr\u00e1vy o&nbsp;\u010dinnosti nad\u00e1cie<\/li>\n\n\n\n<li>Zastupovanie v&nbsp;sporoch medzi \u010dlenmi neziskov\u00fdch organiz\u00e1ci\u00ed (neplatnos\u0165 rozhodnutia org\u00e1nov, vyl\u00fa\u010denie \u010dlena at\u010f.)<\/li>\n\n\n\n<li>Z\u00e1pis zmien v Registri mimovl\u00e1dnych neziskov\u00fdch organiz\u00e1ci\u00ed<\/li>\n\n\n\n<li>Vypracovanie zmluvy o&nbsp;dobrovo\u013en\u00edckej \u010dinnosti<\/li>\n\n\n\n<li>Vypracovanie zml\u00fav t\u00fdkaj\u00facich sa \u010dinnosti neziskov\u00fdch organiz\u00e1cii<\/li>\n<\/ul>\n\n\n\n<div id=\"wp-block-themeisle-blocks-advanced-columns-c5c00278\" class=\"wp-block-themeisle-blocks-advanced-columns has-1-columns has-desktop-equal-layout has-tablet-equal-layout has-mobile-equal-layout has-vertical-unset has-default-gap\"><div class=\"wp-block-themeisle-blocks-advanced-columns-overlay\"><\/div><div class=\"innerblocks-wrap\">\n<div id=\"wp-block-themeisle-blocks-advanced-column-727ef28b\" class=\"wp-block-themeisle-blocks-advanced-column\"><\/div>\n<\/div><\/div>","protected":false},"excerpt":{"rendered":"<p>Na\u0161e slu\u017eby<\/p>","protected":false},"author":1,"featured_media":0,"parent":0,"menu_order":0,"comment_status":"closed","ping_status":"closed","template":"","meta":{"_eb_attr":"","neve_meta_sidebar":"full-width","neve_meta_container":"","neve_meta_enable_content_width":"on","neve_meta_content_width":100,"neve_meta_title_alignment":"","neve_meta_author_avatar":"","neve_post_elements_order":"","neve_meta_disable_header":"","neve_meta_disable_footer":"","neve_meta_disable_title":"","_themeisle_gutenberg_block_has_review":false,"footnotes":""},"class_list":["post-2772","page","type-page","status-publish","hentry"],"yoast_head":"<!-- This site is optimized with the Yoast SEO plugin v27.5 - https:\/\/yoast.com\/product\/yoast-seo-wordpress\/ -->\n<title>Eurofondy, granty, dot\u00e1cie a neziskov\u00fd sektor - LIDAY BA\u0160ARYOV\u00c1 &amp; PARTNERS | pr\u00e1vnik | advok\u00e1t | Bratislava | Ru\u017eomberok<\/title>\n<meta name=\"robots\" content=\"index, follow, max-snippet:-1, max-image-preview:large, max-video-preview:-1\" \/>\n<link rel=\"canonical\" href=\"https:\/\/www.lidaybasaryova.sk\/en\/dotacie-neziskovy-sektor\/\" \/>\n<meta property=\"og:locale\" content=\"en_US\" \/>\n<meta property=\"og:type\" content=\"article\" \/>\n<meta property=\"og:title\" content=\"Eurofondy, granty, dot\u00e1cie a neziskov\u00fd sektor - LIDAY BA\u0160ARYOV\u00c1 &amp; PARTNERS | pr\u00e1vnik | advok\u00e1t | Bratislava | Ru\u017eomberok\" \/>\n<meta property=\"og:description\" content=\"Na\u0161e slu\u017eby\" \/>\n<meta property=\"og:url\" content=\"https:\/\/www.lidaybasaryova.sk\/en\/dotacie-neziskovy-sektor\/\" \/>\n<meta property=\"og:site_name\" content=\"LIDAY BA\u0160ARYOV\u00c1 &amp; PARTNERS | pr\u00e1vnik | advok\u00e1t | Bratislava | Ru\u017eomberok\" \/>\n<meta property=\"article:modified_time\" content=\"2023-02-15T15:38:02+00:00\" \/>\n<meta name=\"twitter:card\" content=\"summary_large_image\" \/>\n<meta name=\"twitter:label1\" content=\"Est. reading time\" \/>\n\t<meta name=\"twitter:data1\" content=\"1 minute\" \/>\n<script type=\"application\/ld+json\" class=\"yoast-schema-graph\">{\"@context\":\"https:\\\/\\\/schema.org\",\"@graph\":[{\"@type\":\"WebPage\",\"@id\":\"https:\\\/\\\/www.lidaybasaryova.sk\\\/dotacie-neziskovy-sektor\\\/\",\"url\":\"https:\\\/\\\/www.lidaybasaryova.sk\\\/dotacie-neziskovy-sektor\\\/\",\"name\":\"Eurofondy, granty, dot\u00e1cie a neziskov\u00fd sektor - LIDAY BA\u0160ARYOV\u00c1 &amp; PARTNERS | pr\u00e1vnik | advok\u00e1t | Bratislava | Ru\u017eomberok\",\"isPartOf\":{\"@id\":\"https:\\\/\\\/www.lidaybasaryova.sk\\\/#website\"},\"datePublished\":\"2023-02-15T08:03:23+00:00\",\"dateModified\":\"2023-02-15T15:38:02+00:00\",\"breadcrumb\":{\"@id\":\"https:\\\/\\\/www.lidaybasaryova.sk\\\/dotacie-neziskovy-sektor\\\/#breadcrumb\"},\"inLanguage\":\"en-US\",\"potentialAction\":[{\"@type\":\"ReadAction\",\"target\":[\"https:\\\/\\\/www.lidaybasaryova.sk\\\/dotacie-neziskovy-sektor\\\/\"]}]},{\"@type\":\"BreadcrumbList\",\"@id\":\"https:\\\/\\\/www.lidaybasaryova.sk\\\/dotacie-neziskovy-sektor\\\/#breadcrumb\",\"itemListElement\":[{\"@type\":\"ListItem\",\"position\":1,\"name\":\"advok\u00e1t\",\"item\":\"https:\\\/\\\/www.lidaybasaryova.sk\\\/\"},{\"@type\":\"ListItem\",\"position\":2,\"name\":\"Eurofondy, granty, dot\u00e1cie a neziskov\u00fd sektor\"}]},{\"@type\":\"WebSite\",\"@id\":\"https:\\\/\\\/www.lidaybasaryova.sk\\\/#website\",\"url\":\"https:\\\/\\\/www.lidaybasaryova.sk\\\/\",\"name\":\"Liday - Ba\u0161aryov\u00e1 & Partners\",\"description\":\"advok\u00e1t | pr\u00e1vnik | pr\u00e1vne slu\u017eby | 2026\",\"publisher\":{\"@id\":\"https:\\\/\\\/www.lidaybasaryova.sk\\\/#organization\"},\"potentialAction\":[{\"@type\":\"SearchAction\",\"target\":{\"@type\":\"EntryPoint\",\"urlTemplate\":\"https:\\\/\\\/www.lidaybasaryova.sk\\\/?s={search_term_string}\"},\"query-input\":{\"@type\":\"PropertyValueSpecification\",\"valueRequired\":true,\"valueName\":\"search_term_string\"}}],\"inLanguage\":\"en-US\"},{\"@type\":\"Organization\",\"@id\":\"https:\\\/\\\/www.lidaybasaryova.sk\\\/#organization\",\"name\":\"Liday - Ba\u0161aryov\u00e1 & Partners\",\"url\":\"https:\\\/\\\/www.lidaybasaryova.sk\\\/\",\"logo\":{\"@type\":\"ImageObject\",\"inLanguage\":\"en-US\",\"@id\":\"https:\\\/\\\/www.lidaybasaryova.sk\\\/#\\\/schema\\\/logo\\\/image\\\/\",\"url\":\"https:\\\/\\\/www.lidaybasaryova.sk\\\/wp-content\\\/uploads\\\/2021\\\/02\\\/cropped-BASARY-logo-scaled-1.jpg\",\"contentUrl\":\"https:\\\/\\\/www.lidaybasaryova.sk\\\/wp-content\\\/uploads\\\/2021\\\/02\\\/cropped-BASARY-logo-scaled-1.jpg\",\"width\":2560,\"height\":1201,\"caption\":\"Liday - Ba\u0161aryov\u00e1 & Partners\"},\"image\":{\"@id\":\"https:\\\/\\\/www.lidaybasaryova.sk\\\/#\\\/schema\\\/logo\\\/image\\\/\"}}]}<\/script>\n<!-- \/ Yoast SEO plugin. -->","yoast_head_json":{"title":"Eurofondy, granty, dot\u00e1cie a neziskov\u00fd sektor - LIDAY BA\u0160ARYOV\u00c1 &amp; PARTNERS | pr\u00e1vnik | advok\u00e1t | Bratislava | Ru\u017eomberok","robots":{"index":"index","follow":"follow","max-snippet":"max-snippet:-1","max-image-preview":"max-image-preview:large","max-video-preview":"max-video-preview:-1"},"canonical":"https:\/\/www.lidaybasaryova.sk\/en\/dotacie-neziskovy-sektor\/","og_locale":"en_US","og_type":"article","og_title":"Eurofondy, granty, dot\u00e1cie a neziskov\u00fd sektor - LIDAY BA\u0160ARYOV\u00c1 &amp; PARTNERS | pr\u00e1vnik | advok\u00e1t | Bratislava | Ru\u017eomberok","og_description":"Na\u0161e slu\u017eby","og_url":"https:\/\/www.lidaybasaryova.sk\/en\/dotacie-neziskovy-sektor\/","og_site_name":"LIDAY BA\u0160ARYOV\u00c1 &amp; PARTNERS | pr\u00e1vnik | advok\u00e1t | Bratislava | Ru\u017eomberok","article_modified_time":"2023-02-15T15:38:02+00:00","twitter_card":"summary_large_image","twitter_misc":{"Est. reading time":"1 minute"},"schema":{"@context":"https:\/\/schema.org","@graph":[{"@type":"WebPage","@id":"https:\/\/www.lidaybasaryova.sk\/dotacie-neziskovy-sektor\/","url":"https:\/\/www.lidaybasaryova.sk\/dotacie-neziskovy-sektor\/","name":"Eurofondy, granty, dot\u00e1cie a neziskov\u00fd sektor - LIDAY BA\u0160ARYOV\u00c1 &amp; PARTNERS | pr\u00e1vnik | advok\u00e1t | Bratislava | Ru\u017eomberok","isPartOf":{"@id":"https:\/\/www.lidaybasaryova.sk\/#website"},"datePublished":"2023-02-15T08:03:23+00:00","dateModified":"2023-02-15T15:38:02+00:00","breadcrumb":{"@id":"https:\/\/www.lidaybasaryova.sk\/dotacie-neziskovy-sektor\/#breadcrumb"},"inLanguage":"en-US","potentialAction":[{"@type":"ReadAction","target":["https:\/\/www.lidaybasaryova.sk\/dotacie-neziskovy-sektor\/"]}]},{"@type":"BreadcrumbList","@id":"https:\/\/www.lidaybasaryova.sk\/dotacie-neziskovy-sektor\/#breadcrumb","itemListElement":[{"@type":"ListItem","position":1,"name":"advok\u00e1t","item":"https:\/\/www.lidaybasaryova.sk\/"},{"@type":"ListItem","position":2,"name":"Eurofondy, granty, dot\u00e1cie a neziskov\u00fd sektor"}]},{"@type":"WebSite","@id":"https:\/\/www.lidaybasaryova.sk\/#website","url":"https:\/\/www.lidaybasaryova.sk\/","name":"Liday - Ba\u0161aryov\u00e1 & Partners","description":"advok\u00e1t | pr\u00e1vnik | pr\u00e1vne slu\u017eby | 2026","publisher":{"@id":"https:\/\/www.lidaybasaryova.sk\/#organization"},"potentialAction":[{"@type":"SearchAction","target":{"@type":"EntryPoint","urlTemplate":"https:\/\/www.lidaybasaryova.sk\/?s={search_term_string}"},"query-input":{"@type":"PropertyValueSpecification","valueRequired":true,"valueName":"search_term_string"}}],"inLanguage":"en-US"},{"@type":"Organization","@id":"https:\/\/www.lidaybasaryova.sk\/#organization","name":"Liday - Ba\u0161aryov\u00e1 & Partners","url":"https:\/\/www.lidaybasaryova.sk\/","logo":{"@type":"ImageObject","inLanguage":"en-US","@id":"https:\/\/www.lidaybasaryova.sk\/#\/schema\/logo\/image\/","url":"https:\/\/www.lidaybasaryova.sk\/wp-content\/uploads\/2021\/02\/cropped-BASARY-logo-scaled-1.jpg","contentUrl":"https:\/\/www.lidaybasaryova.sk\/wp-content\/uploads\/2021\/02\/cropped-BASARY-logo-scaled-1.jpg","width":2560,"height":1201,"caption":"Liday - Ba\u0161aryov\u00e1 & Partners"},"image":{"@id":"https:\/\/www.lidaybasaryova.sk\/#\/schema\/logo\/image\/"}}]}},"jetpack_sharing_enabled":true,"_links":{"self":[{"href":"https:\/\/www.lidaybasaryova.sk\/en\/wp-json\/wp\/v2\/pages\/2772","targetHints":{"allow":["GET"]}}],"collection":[{"href":"https:\/\/www.lidaybasaryova.sk\/en\/wp-json\/wp\/v2\/pages"}],"about":[{"href":"https:\/\/www.lidaybasaryova.sk\/en\/wp-json\/wp\/v2\/types\/page"}],"author":[{"embeddable":true,"href":"https:\/\/www.lidaybasaryova.sk\/en\/wp-json\/wp\/v2\/users\/1"}],"replies":[{"embeddable":true,"href":"https:\/\/www.lidaybasaryova.sk\/en\/wp-json\/wp\/v2\/comments?post=2772"}],"version-history":[{"count":3,"href":"https:\/\/www.lidaybasaryova.sk\/en\/wp-json\/wp\/v2\/pages\/2772\/revisions"}],"predecessor-version":[{"id":2781,"href":"https:\/\/www.lidaybasaryova.sk\/en\/wp-json\/wp\/v2\/pages\/2772\/revisions\/2781"}],"wp:attachment":[{"href":"https:\/\/www.lidaybasaryova.sk\/en\/wp-json\/wp\/v2\/media?parent=2772"}],"curies":[{"name":"wp","href":"https:\/\/api.w.org\/{rel}","templated":true}]}}