{"id":2755,"date":"2023-02-13T18:26:58","date_gmt":"2023-02-13T17:26:58","guid":{"rendered":"https:\/\/www.lidaybasaryova.sk\/?page_id=2755"},"modified":"2023-02-13T18:29:12","modified_gmt":"2023-02-13T17:29:12","slug":"sudne-spory","status":"publish","type":"page","link":"https:\/\/www.lidaybasaryova.sk\/en\/sudne-spory\/","title":{"rendered":"Litigation and debt recovery"},"content":{"rendered":"<p class=\"has-large-font-size\"><strong>Na\u0161e slu\u017eby<\/strong><\/p>\n\n\n\n<ul class=\"wp-block-list\">\n<li>Vypracovanie \u017ealoby, zastupovanie v&nbsp;konan\u00ed, \u00fa\u010das\u0165 na pojedn\u00e1van\u00ed, vypracovanie vyjadren\u00ed a&nbsp;podan\u00ed na s\u00fad, vypracovanie odvolania, vypracovanie dovolania<\/li>\n\n\n\n<li>\u00dastavn\u00e1 s\u0165a\u017enos\u0165<\/li>\n\n\n\n<li>S\u0165a\u017enos\u0165 na prie\u0165ahy v&nbsp;s\u00fadnom konan\u00ed<\/li>\n\n\n\n<li>Vym\u00e1hanie poh\u013ead\u00e1vok<\/li>\n\n\n\n<li>Zastupovanie v obchodnopr\u00e1vnych sporoch<\/li>\n\n\n\n<li>Zastupovanie v konan\u00ed o potvrdenie vydr\u017eania nehnute\u013enosti<\/li>\n\n\n\n<li>Uplat\u0148ovanie n\u00e1rokov v s\u00favislosti s neopr\u00e1vnen\u00fdm u\u017e\u00edvan\u00edm pozemku inou osobou<\/li>\n\n\n\n<li>Zastupovanie v konan\u00ed o ur\u010denie vlastn\u00edckeho pr\u00e1va<\/li>\n\n\n\n<li>N\u00e1vrh na s\u00fad na zru\u0161enie a vyporiadanie podielov\u00e9ho spoluvlastn\u00edctva<\/li>\n\n\n\n<li>Uplat\u0148ovanie n\u00e1rokov v s\u00favislosti s poru\u0161en\u00edm predkupn\u00e9ho pr\u00e1va podielov\u00e9ho spoluvlastn\u00edka<\/li>\n\n\n\n<li>Uplat\u0148ovanie n\u00e1rokov vo\u010di spoluvlastn\u00edkovi, ktor\u00fd u\u017e\u00edva spolo\u010dn\u00fa vec nad r\u00e1mec svojho spoluvlastn\u00edckeho podielu<\/li>\n\n\n\n<li>Vypracovanie n\u00e1vrhu na s\u00fad na vyporiadanie BSM<\/li>\n\n\n\n<li>N\u00e1vrh na s\u00fad na zru\u0161enie BSM za trvania man\u017eelstva<\/li>\n\n\n\n<li>Zastupovanie v dedi\u010dsk\u00fdch sporoch<\/li>\n\n\n\n<li>Zastupovanie v sporoch so spr\u00e1vcom bytov\u00e9ho domu alebo spolo\u010denstvom vlastn\u00edkov<\/li>\n\n\n\n<li>Spr\u00e1vna \u017ealoba<\/li>\n\n\n\n<li>Neplatnos\u0165 skon\u010denia pracovn\u00e9ho pomeru<\/li>\n\n\n\n<li>Zastupovanie zamestn\u00e1vate\u013eov aj zamestnancov v pracovnopr\u00e1vnych sporoch<\/li>\n<\/ul>\n\n\n\n<div id=\"wp-block-themeisle-blocks-advanced-columns-c5c00278\" class=\"wp-block-themeisle-blocks-advanced-columns has-1-columns has-desktop-equal-layout has-tablet-equal-layout has-mobile-equal-layout has-vertical-unset has-default-gap\"><div class=\"wp-block-themeisle-blocks-advanced-columns-overlay\"><\/div><div class=\"innerblocks-wrap\">\n<div id=\"wp-block-themeisle-blocks-advanced-column-727ef28b\" class=\"wp-block-themeisle-blocks-advanced-column\"><\/div>\n<\/div><\/div>","protected":false},"excerpt":{"rendered":"<p>Na\u0161e slu\u017eby<\/p>","protected":false},"author":1,"featured_media":0,"parent":0,"menu_order":0,"comment_status":"closed","ping_status":"closed","template":"","meta":{"_eb_attr":"","neve_meta_sidebar":"full-width","neve_meta_container":"","neve_meta_enable_content_width":"on","neve_meta_content_width":100,"neve_meta_title_alignment":"","neve_meta_author_avatar":"","neve_post_elements_order":"","neve_meta_disable_header":"","neve_meta_disable_footer":"","neve_meta_disable_title":"","_themeisle_gutenberg_block_has_review":false,"footnotes":""},"class_list":["post-2755","page","type-page","status-publish","hentry"],"yoast_head":"<!-- This site is optimized with the Yoast SEO plugin v27.5 - https:\/\/yoast.com\/product\/yoast-seo-wordpress\/ -->\n<title>S\u00fadne spory a vym\u00e1hanie poh\u013ead\u00e1vok - LIDAY BA\u0160ARYOV\u00c1 &amp; PARTNERS | pr\u00e1vnik | advok\u00e1t | Bratislava | Ru\u017eomberok<\/title>\n<meta name=\"robots\" content=\"index, follow, max-snippet:-1, max-image-preview:large, max-video-preview:-1\" \/>\n<link rel=\"canonical\" href=\"https:\/\/www.lidaybasaryova.sk\/en\/sudne-spory\/\" \/>\n<meta property=\"og:locale\" content=\"en_US\" \/>\n<meta property=\"og:type\" content=\"article\" \/>\n<meta property=\"og:title\" content=\"S\u00fadne spory a vym\u00e1hanie poh\u013ead\u00e1vok - LIDAY BA\u0160ARYOV\u00c1 &amp; PARTNERS | pr\u00e1vnik | advok\u00e1t | Bratislava | Ru\u017eomberok\" \/>\n<meta property=\"og:description\" content=\"Na\u0161e slu\u017eby\" \/>\n<meta property=\"og:url\" content=\"https:\/\/www.lidaybasaryova.sk\/en\/sudne-spory\/\" \/>\n<meta property=\"og:site_name\" content=\"LIDAY BA\u0160ARYOV\u00c1 &amp; PARTNERS | pr\u00e1vnik | advok\u00e1t | Bratislava | Ru\u017eomberok\" \/>\n<meta property=\"article:modified_time\" content=\"2023-02-13T17:29:12+00:00\" \/>\n<meta name=\"twitter:card\" content=\"summary_large_image\" \/>\n<meta name=\"twitter:label1\" content=\"Est. reading time\" \/>\n\t<meta name=\"twitter:data1\" content=\"1 minute\" \/>\n<script type=\"application\/ld+json\" class=\"yoast-schema-graph\">{\"@context\":\"https:\\\/\\\/schema.org\",\"@graph\":[{\"@type\":\"WebPage\",\"@id\":\"https:\\\/\\\/www.lidaybasaryova.sk\\\/sudne-spory\\\/\",\"url\":\"https:\\\/\\\/www.lidaybasaryova.sk\\\/sudne-spory\\\/\",\"name\":\"S\u00fadne spory a vym\u00e1hanie poh\u013ead\u00e1vok - LIDAY BA\u0160ARYOV\u00c1 &amp; PARTNERS | pr\u00e1vnik | advok\u00e1t | Bratislava | Ru\u017eomberok\",\"isPartOf\":{\"@id\":\"https:\\\/\\\/www.lidaybasaryova.sk\\\/#website\"},\"datePublished\":\"2023-02-13T17:26:58+00:00\",\"dateModified\":\"2023-02-13T17:29:12+00:00\",\"breadcrumb\":{\"@id\":\"https:\\\/\\\/www.lidaybasaryova.sk\\\/sudne-spory\\\/#breadcrumb\"},\"inLanguage\":\"en-US\",\"potentialAction\":[{\"@type\":\"ReadAction\",\"target\":[\"https:\\\/\\\/www.lidaybasaryova.sk\\\/sudne-spory\\\/\"]}]},{\"@type\":\"BreadcrumbList\",\"@id\":\"https:\\\/\\\/www.lidaybasaryova.sk\\\/sudne-spory\\\/#breadcrumb\",\"itemListElement\":[{\"@type\":\"ListItem\",\"position\":1,\"name\":\"advok\u00e1t\",\"item\":\"https:\\\/\\\/www.lidaybasaryova.sk\\\/\"},{\"@type\":\"ListItem\",\"position\":2,\"name\":\"S\u00fadne spory a vym\u00e1hanie poh\u013ead\u00e1vok\"}]},{\"@type\":\"WebSite\",\"@id\":\"https:\\\/\\\/www.lidaybasaryova.sk\\\/#website\",\"url\":\"https:\\\/\\\/www.lidaybasaryova.sk\\\/\",\"name\":\"Liday - Ba\u0161aryov\u00e1 & Partners\",\"description\":\"advok\u00e1t | pr\u00e1vnik | pr\u00e1vne slu\u017eby | 2026\",\"publisher\":{\"@id\":\"https:\\\/\\\/www.lidaybasaryova.sk\\\/#organization\"},\"potentialAction\":[{\"@type\":\"SearchAction\",\"target\":{\"@type\":\"EntryPoint\",\"urlTemplate\":\"https:\\\/\\\/www.lidaybasaryova.sk\\\/?s={search_term_string}\"},\"query-input\":{\"@type\":\"PropertyValueSpecification\",\"valueRequired\":true,\"valueName\":\"search_term_string\"}}],\"inLanguage\":\"en-US\"},{\"@type\":\"Organization\",\"@id\":\"https:\\\/\\\/www.lidaybasaryova.sk\\\/#organization\",\"name\":\"Liday - Ba\u0161aryov\u00e1 & Partners\",\"url\":\"https:\\\/\\\/www.lidaybasaryova.sk\\\/\",\"logo\":{\"@type\":\"ImageObject\",\"inLanguage\":\"en-US\",\"@id\":\"https:\\\/\\\/www.lidaybasaryova.sk\\\/#\\\/schema\\\/logo\\\/image\\\/\",\"url\":\"https:\\\/\\\/www.lidaybasaryova.sk\\\/wp-content\\\/uploads\\\/2021\\\/02\\\/cropped-BASARY-logo-scaled-1.jpg\",\"contentUrl\":\"https:\\\/\\\/www.lidaybasaryova.sk\\\/wp-content\\\/uploads\\\/2021\\\/02\\\/cropped-BASARY-logo-scaled-1.jpg\",\"width\":2560,\"height\":1201,\"caption\":\"Liday - Ba\u0161aryov\u00e1 & Partners\"},\"image\":{\"@id\":\"https:\\\/\\\/www.lidaybasaryova.sk\\\/#\\\/schema\\\/logo\\\/image\\\/\"}}]}<\/script>\n<!-- \/ Yoast SEO plugin. -->","yoast_head_json":{"title":"S\u00fadne spory a vym\u00e1hanie poh\u013ead\u00e1vok - LIDAY BA\u0160ARYOV\u00c1 &amp; PARTNERS | pr\u00e1vnik | advok\u00e1t | Bratislava | Ru\u017eomberok","robots":{"index":"index","follow":"follow","max-snippet":"max-snippet:-1","max-image-preview":"max-image-preview:large","max-video-preview":"max-video-preview:-1"},"canonical":"https:\/\/www.lidaybasaryova.sk\/en\/sudne-spory\/","og_locale":"en_US","og_type":"article","og_title":"S\u00fadne spory a vym\u00e1hanie poh\u013ead\u00e1vok - LIDAY BA\u0160ARYOV\u00c1 &amp; PARTNERS | pr\u00e1vnik | advok\u00e1t | Bratislava | Ru\u017eomberok","og_description":"Na\u0161e slu\u017eby","og_url":"https:\/\/www.lidaybasaryova.sk\/en\/sudne-spory\/","og_site_name":"LIDAY BA\u0160ARYOV\u00c1 &amp; PARTNERS | pr\u00e1vnik | advok\u00e1t | Bratislava | Ru\u017eomberok","article_modified_time":"2023-02-13T17:29:12+00:00","twitter_card":"summary_large_image","twitter_misc":{"Est. reading time":"1 minute"},"schema":{"@context":"https:\/\/schema.org","@graph":[{"@type":"WebPage","@id":"https:\/\/www.lidaybasaryova.sk\/sudne-spory\/","url":"https:\/\/www.lidaybasaryova.sk\/sudne-spory\/","name":"S\u00fadne spory a vym\u00e1hanie poh\u013ead\u00e1vok - LIDAY BA\u0160ARYOV\u00c1 &amp; PARTNERS | pr\u00e1vnik | advok\u00e1t | Bratislava | Ru\u017eomberok","isPartOf":{"@id":"https:\/\/www.lidaybasaryova.sk\/#website"},"datePublished":"2023-02-13T17:26:58+00:00","dateModified":"2023-02-13T17:29:12+00:00","breadcrumb":{"@id":"https:\/\/www.lidaybasaryova.sk\/sudne-spory\/#breadcrumb"},"inLanguage":"en-US","potentialAction":[{"@type":"ReadAction","target":["https:\/\/www.lidaybasaryova.sk\/sudne-spory\/"]}]},{"@type":"BreadcrumbList","@id":"https:\/\/www.lidaybasaryova.sk\/sudne-spory\/#breadcrumb","itemListElement":[{"@type":"ListItem","position":1,"name":"advok\u00e1t","item":"https:\/\/www.lidaybasaryova.sk\/"},{"@type":"ListItem","position":2,"name":"S\u00fadne spory a vym\u00e1hanie poh\u013ead\u00e1vok"}]},{"@type":"WebSite","@id":"https:\/\/www.lidaybasaryova.sk\/#website","url":"https:\/\/www.lidaybasaryova.sk\/","name":"Liday - Ba\u0161aryov\u00e1 & Partners","description":"advok\u00e1t | pr\u00e1vnik | pr\u00e1vne slu\u017eby | 2026","publisher":{"@id":"https:\/\/www.lidaybasaryova.sk\/#organization"},"potentialAction":[{"@type":"SearchAction","target":{"@type":"EntryPoint","urlTemplate":"https:\/\/www.lidaybasaryova.sk\/?s={search_term_string}"},"query-input":{"@type":"PropertyValueSpecification","valueRequired":true,"valueName":"search_term_string"}}],"inLanguage":"en-US"},{"@type":"Organization","@id":"https:\/\/www.lidaybasaryova.sk\/#organization","name":"Liday - Ba\u0161aryov\u00e1 & Partners","url":"https:\/\/www.lidaybasaryova.sk\/","logo":{"@type":"ImageObject","inLanguage":"en-US","@id":"https:\/\/www.lidaybasaryova.sk\/#\/schema\/logo\/image\/","url":"https:\/\/www.lidaybasaryova.sk\/wp-content\/uploads\/2021\/02\/cropped-BASARY-logo-scaled-1.jpg","contentUrl":"https:\/\/www.lidaybasaryova.sk\/wp-content\/uploads\/2021\/02\/cropped-BASARY-logo-scaled-1.jpg","width":2560,"height":1201,"caption":"Liday - Ba\u0161aryov\u00e1 & Partners"},"image":{"@id":"https:\/\/www.lidaybasaryova.sk\/#\/schema\/logo\/image\/"}}]}},"jetpack_sharing_enabled":true,"_links":{"self":[{"href":"https:\/\/www.lidaybasaryova.sk\/en\/wp-json\/wp\/v2\/pages\/2755","targetHints":{"allow":["GET"]}}],"collection":[{"href":"https:\/\/www.lidaybasaryova.sk\/en\/wp-json\/wp\/v2\/pages"}],"about":[{"href":"https:\/\/www.lidaybasaryova.sk\/en\/wp-json\/wp\/v2\/types\/page"}],"author":[{"embeddable":true,"href":"https:\/\/www.lidaybasaryova.sk\/en\/wp-json\/wp\/v2\/users\/1"}],"replies":[{"embeddable":true,"href":"https:\/\/www.lidaybasaryova.sk\/en\/wp-json\/wp\/v2\/comments?post=2755"}],"version-history":[{"count":2,"href":"https:\/\/www.lidaybasaryova.sk\/en\/wp-json\/wp\/v2\/pages\/2755\/revisions"}],"predecessor-version":[{"id":2757,"href":"https:\/\/www.lidaybasaryova.sk\/en\/wp-json\/wp\/v2\/pages\/2755\/revisions\/2757"}],"wp:attachment":[{"href":"https:\/\/www.lidaybasaryova.sk\/en\/wp-json\/wp\/v2\/media?parent=2755"}],"curies":[{"name":"wp","href":"https:\/\/api.w.org\/{rel}","templated":true}]}}