{"id":2751,"date":"2023-02-13T18:21:18","date_gmt":"2023-02-13T17:21:18","guid":{"rendered":"https:\/\/www.lidaybasaryova.sk\/?page_id=2751"},"modified":"2023-02-13T18:24:06","modified_gmt":"2023-02-13T17:24:06","slug":"pracovne-pravo","status":"publish","type":"page","link":"https:\/\/www.lidaybasaryova.sk\/en\/pracovne-pravo\/","title":{"rendered":"Labour law"},"content":{"rendered":"<p class=\"has-large-font-size\"><strong>Na\u0161e slu\u017eby<\/strong><\/p>\n\n\n\n<p><strong>Za\u010datie pracovn\u00e9ho pomeru<\/strong><\/p>\n\n\n\n<ul class=\"wp-block-list\">\n<li>Nahl\u00e1\u0161ka vo\u013en\u00e9ho pracovn\u00e9ho miesta<\/li>\n\n\n\n<li>Vypracovanie pracovnej zmluvy<\/li>\n\n\n\n<li>Vypracovanie dohody o&nbsp;hmotnej zodpovednosti<\/li>\n\n\n\n<li>Dohoda o&nbsp;vykon\u00e1van\u00ed sez\u00f3nnych pr\u00e1c<\/li>\n\n\n\n<li>Dohoda o vykonan\u00ed pr\u00e1ce<\/li>\n\n\n\n<li>Vypracovanie dohody o pracovnej \u010dinnosti<\/li>\n\n\n\n<li>Dohoda o brig\u00e1dnickej pr\u00e1ci \u0161tudenta<\/li>\n<\/ul>\n\n\n\n<p><strong>Pr\u00e1vne slu\u017eby po\u010das trvania pracovnopr\u00e1vneho vz\u0165ahu<\/strong><\/p>\n\n\n\n<ul class=\"wp-block-list\">\n<li>Vypracovanie dohody o&nbsp;zmene pracovn\u00fdch podmienok<\/li>\n\n\n\n<li>Pracovn\u00fd poriadok a intern\u00e9 smernice zamestn\u00e1vate\u013ea<\/li>\n\n\n\n<li>Do\u010dasn\u00e9 pridelenie<\/li>\n\n\n\n<li>Cezhrani\u010dn\u00e9 vyslanie<\/li>\n\n\n\n<li>Nastavenie plnenia povinnost\u00ed zamestn\u00e1vate\u013ea v&nbsp;s\u00favislosti s&nbsp;GDPR a&nbsp;ochranou s\u00fakromia<\/li>\n\n\n\n<li>Pr\u00e1vne poradenstvo v&nbsp;s\u00favislosti so zamestn\u00e1van\u00edm cudzincov<\/li>\n\n\n\n<li>Pr\u00e1vne poradenstvo pre agent\u00fary do\u010dasn\u00e9ho zamestn\u00e1vania a&nbsp;sprostredkovate\u013eov zamestnania za \u00fahradu<\/li>\n\n\n\n<li>Podnet na in\u0161pektor\u00e1t pr\u00e1ce, zastupovanie v&nbsp;konaniach pred in\u0161pektor\u00e1tom pr\u00e1ce<\/li>\n<\/ul>\n\n\n\n<p><strong>Ukon\u010denie pracovn\u00e9ho pomeru<\/strong><\/p>\n\n\n\n<ul class=\"wp-block-list\">\n<li>Pr\u00e1vne poradenstvo v&nbsp;s\u00favislosti so skon\u010den\u00edm pracovn\u00e9ho pomeru (vhodn\u00fd sp\u00f4sob skon\u010denia pracovn\u00e9ho pomeru, odstupn\u00e9, v\u00fdpovedn\u00e1 doba)<\/li>\n\n\n\n<li>Vypracovanie v\u00fdpovede alebo dohody o&nbsp;skon\u010den\u00ed pracovn\u00e9ho pomeru<\/li>\n\n\n\n<li>Neplatnos\u0165 skon\u010denia pracovn\u00e9ho pomeru<\/li>\n<\/ul>\n\n\n\n<p><strong>In\u00e9<\/strong><\/p>\n\n\n\n<ul class=\"wp-block-list\">\n<li>Vypracovanie pr\u00e1vnych stanov\u00edsk a anal\u00fdz k va\u0161im ot\u00e1zka t\u00fdkaj\u00facim sa pracovn\u00e9ho pr\u00e1va<\/li>\n\n\n\n<li>Zastupovanie zamestn\u00e1vate\u013eov aj zamestnancov v&nbsp;pracovnopr\u00e1vnych sporoch<\/li>\n<\/ul>\n\n\n\n<div id=\"wp-block-themeisle-blocks-advanced-columns-c5c00278\" class=\"wp-block-themeisle-blocks-advanced-columns has-1-columns has-desktop-equal-layout has-tablet-equal-layout has-mobile-equal-layout has-vertical-unset has-default-gap\"><div class=\"wp-block-themeisle-blocks-advanced-columns-overlay\"><\/div><div class=\"innerblocks-wrap\">\n<div id=\"wp-block-themeisle-blocks-advanced-column-727ef28b\" class=\"wp-block-themeisle-blocks-advanced-column\"><\/div>\n<\/div><\/div>","protected":false},"excerpt":{"rendered":"<p>Na\u0161e slu\u017eby Za\u010datie pracovn\u00e9ho pomeru Pr\u00e1vne slu\u017eby po\u010das trvania pracovnopr\u00e1vneho vz\u0165ahu Ukon\u010denie pracovn\u00e9ho pomeru In\u00e9<\/p>","protected":false},"author":1,"featured_media":0,"parent":0,"menu_order":0,"comment_status":"closed","ping_status":"closed","template":"","meta":{"_eb_attr":"","neve_meta_sidebar":"full-width","neve_meta_container":"","neve_meta_enable_content_width":"on","neve_meta_content_width":100,"neve_meta_title_alignment":"","neve_meta_author_avatar":"","neve_post_elements_order":"","neve_meta_disable_header":"","neve_meta_disable_footer":"","neve_meta_disable_title":"","_themeisle_gutenberg_block_has_review":false,"footnotes":""},"class_list":["post-2751","page","type-page","status-publish","hentry"],"yoast_head":"<!-- This site is optimized with the Yoast SEO plugin v27.5 - https:\/\/yoast.com\/product\/yoast-seo-wordpress\/ -->\n<title>Pracovn\u00e9 pr\u00e1vo - LIDAY BA\u0160ARYOV\u00c1 &amp; PARTNERS | pr\u00e1vnik | advok\u00e1t | Bratislava | Ru\u017eomberok<\/title>\n<meta name=\"robots\" content=\"index, follow, max-snippet:-1, max-image-preview:large, max-video-preview:-1\" \/>\n<link rel=\"canonical\" href=\"https:\/\/www.lidaybasaryova.sk\/en\/pracovne-pravo\/\" \/>\n<meta property=\"og:locale\" content=\"en_US\" \/>\n<meta property=\"og:type\" content=\"article\" \/>\n<meta property=\"og:title\" content=\"Pracovn\u00e9 pr\u00e1vo - LIDAY BA\u0160ARYOV\u00c1 &amp; PARTNERS | pr\u00e1vnik | advok\u00e1t | Bratislava | Ru\u017eomberok\" \/>\n<meta property=\"og:description\" content=\"Na\u0161e slu\u017eby Za\u010datie pracovn\u00e9ho pomeru Pr\u00e1vne slu\u017eby po\u010das trvania pracovnopr\u00e1vneho vz\u0165ahu Ukon\u010denie pracovn\u00e9ho pomeru In\u00e9\" \/>\n<meta property=\"og:url\" content=\"https:\/\/www.lidaybasaryova.sk\/en\/pracovne-pravo\/\" \/>\n<meta property=\"og:site_name\" content=\"LIDAY BA\u0160ARYOV\u00c1 &amp; PARTNERS | pr\u00e1vnik | advok\u00e1t | Bratislava | Ru\u017eomberok\" \/>\n<meta property=\"article:modified_time\" content=\"2023-02-13T17:24:06+00:00\" \/>\n<meta name=\"twitter:card\" content=\"summary_large_image\" \/>\n<meta name=\"twitter:label1\" content=\"Est. reading time\" \/>\n\t<meta name=\"twitter:data1\" content=\"1 minute\" \/>\n<script type=\"application\/ld+json\" class=\"yoast-schema-graph\">{\"@context\":\"https:\\\/\\\/schema.org\",\"@graph\":[{\"@type\":\"WebPage\",\"@id\":\"https:\\\/\\\/www.lidaybasaryova.sk\\\/pracovne-pravo\\\/\",\"url\":\"https:\\\/\\\/www.lidaybasaryova.sk\\\/pracovne-pravo\\\/\",\"name\":\"Pracovn\u00e9 pr\u00e1vo - LIDAY BA\u0160ARYOV\u00c1 &amp; PARTNERS | pr\u00e1vnik | advok\u00e1t | Bratislava | Ru\u017eomberok\",\"isPartOf\":{\"@id\":\"https:\\\/\\\/www.lidaybasaryova.sk\\\/#website\"},\"datePublished\":\"2023-02-13T17:21:18+00:00\",\"dateModified\":\"2023-02-13T17:24:06+00:00\",\"breadcrumb\":{\"@id\":\"https:\\\/\\\/www.lidaybasaryova.sk\\\/pracovne-pravo\\\/#breadcrumb\"},\"inLanguage\":\"en-US\",\"potentialAction\":[{\"@type\":\"ReadAction\",\"target\":[\"https:\\\/\\\/www.lidaybasaryova.sk\\\/pracovne-pravo\\\/\"]}]},{\"@type\":\"BreadcrumbList\",\"@id\":\"https:\\\/\\\/www.lidaybasaryova.sk\\\/pracovne-pravo\\\/#breadcrumb\",\"itemListElement\":[{\"@type\":\"ListItem\",\"position\":1,\"name\":\"advok\u00e1t\",\"item\":\"https:\\\/\\\/www.lidaybasaryova.sk\\\/\"},{\"@type\":\"ListItem\",\"position\":2,\"name\":\"Pracovn\u00e9 pr\u00e1vo\"}]},{\"@type\":\"WebSite\",\"@id\":\"https:\\\/\\\/www.lidaybasaryova.sk\\\/#website\",\"url\":\"https:\\\/\\\/www.lidaybasaryova.sk\\\/\",\"name\":\"Liday - Ba\u0161aryov\u00e1 & Partners\",\"description\":\"advok\u00e1t | pr\u00e1vnik | pr\u00e1vne slu\u017eby | 2026\",\"publisher\":{\"@id\":\"https:\\\/\\\/www.lidaybasaryova.sk\\\/#organization\"},\"potentialAction\":[{\"@type\":\"SearchAction\",\"target\":{\"@type\":\"EntryPoint\",\"urlTemplate\":\"https:\\\/\\\/www.lidaybasaryova.sk\\\/?s={search_term_string}\"},\"query-input\":{\"@type\":\"PropertyValueSpecification\",\"valueRequired\":true,\"valueName\":\"search_term_string\"}}],\"inLanguage\":\"en-US\"},{\"@type\":\"Organization\",\"@id\":\"https:\\\/\\\/www.lidaybasaryova.sk\\\/#organization\",\"name\":\"Liday - Ba\u0161aryov\u00e1 & Partners\",\"url\":\"https:\\\/\\\/www.lidaybasaryova.sk\\\/\",\"logo\":{\"@type\":\"ImageObject\",\"inLanguage\":\"en-US\",\"@id\":\"https:\\\/\\\/www.lidaybasaryova.sk\\\/#\\\/schema\\\/logo\\\/image\\\/\",\"url\":\"https:\\\/\\\/www.lidaybasaryova.sk\\\/wp-content\\\/uploads\\\/2021\\\/02\\\/cropped-BASARY-logo-scaled-1.jpg\",\"contentUrl\":\"https:\\\/\\\/www.lidaybasaryova.sk\\\/wp-content\\\/uploads\\\/2021\\\/02\\\/cropped-BASARY-logo-scaled-1.jpg\",\"width\":2560,\"height\":1201,\"caption\":\"Liday - Ba\u0161aryov\u00e1 & Partners\"},\"image\":{\"@id\":\"https:\\\/\\\/www.lidaybasaryova.sk\\\/#\\\/schema\\\/logo\\\/image\\\/\"}}]}<\/script>\n<!-- \/ Yoast SEO plugin. -->","yoast_head_json":{"title":"Pracovn\u00e9 pr\u00e1vo - LIDAY BA\u0160ARYOV\u00c1 &amp; PARTNERS | pr\u00e1vnik | advok\u00e1t | Bratislava | Ru\u017eomberok","robots":{"index":"index","follow":"follow","max-snippet":"max-snippet:-1","max-image-preview":"max-image-preview:large","max-video-preview":"max-video-preview:-1"},"canonical":"https:\/\/www.lidaybasaryova.sk\/en\/pracovne-pravo\/","og_locale":"en_US","og_type":"article","og_title":"Pracovn\u00e9 pr\u00e1vo - LIDAY BA\u0160ARYOV\u00c1 &amp; PARTNERS | pr\u00e1vnik | advok\u00e1t | Bratislava | Ru\u017eomberok","og_description":"Na\u0161e slu\u017eby Za\u010datie pracovn\u00e9ho pomeru Pr\u00e1vne slu\u017eby po\u010das trvania pracovnopr\u00e1vneho vz\u0165ahu Ukon\u010denie pracovn\u00e9ho pomeru In\u00e9","og_url":"https:\/\/www.lidaybasaryova.sk\/en\/pracovne-pravo\/","og_site_name":"LIDAY BA\u0160ARYOV\u00c1 &amp; PARTNERS | pr\u00e1vnik | advok\u00e1t | Bratislava | Ru\u017eomberok","article_modified_time":"2023-02-13T17:24:06+00:00","twitter_card":"summary_large_image","twitter_misc":{"Est. reading time":"1 minute"},"schema":{"@context":"https:\/\/schema.org","@graph":[{"@type":"WebPage","@id":"https:\/\/www.lidaybasaryova.sk\/pracovne-pravo\/","url":"https:\/\/www.lidaybasaryova.sk\/pracovne-pravo\/","name":"Pracovn\u00e9 pr\u00e1vo - LIDAY BA\u0160ARYOV\u00c1 &amp; PARTNERS | pr\u00e1vnik | advok\u00e1t | Bratislava | Ru\u017eomberok","isPartOf":{"@id":"https:\/\/www.lidaybasaryova.sk\/#website"},"datePublished":"2023-02-13T17:21:18+00:00","dateModified":"2023-02-13T17:24:06+00:00","breadcrumb":{"@id":"https:\/\/www.lidaybasaryova.sk\/pracovne-pravo\/#breadcrumb"},"inLanguage":"en-US","potentialAction":[{"@type":"ReadAction","target":["https:\/\/www.lidaybasaryova.sk\/pracovne-pravo\/"]}]},{"@type":"BreadcrumbList","@id":"https:\/\/www.lidaybasaryova.sk\/pracovne-pravo\/#breadcrumb","itemListElement":[{"@type":"ListItem","position":1,"name":"advok\u00e1t","item":"https:\/\/www.lidaybasaryova.sk\/"},{"@type":"ListItem","position":2,"name":"Pracovn\u00e9 pr\u00e1vo"}]},{"@type":"WebSite","@id":"https:\/\/www.lidaybasaryova.sk\/#website","url":"https:\/\/www.lidaybasaryova.sk\/","name":"Liday - Ba\u0161aryov\u00e1 & Partners","description":"advok\u00e1t | pr\u00e1vnik | pr\u00e1vne slu\u017eby | 2026","publisher":{"@id":"https:\/\/www.lidaybasaryova.sk\/#organization"},"potentialAction":[{"@type":"SearchAction","target":{"@type":"EntryPoint","urlTemplate":"https:\/\/www.lidaybasaryova.sk\/?s={search_term_string}"},"query-input":{"@type":"PropertyValueSpecification","valueRequired":true,"valueName":"search_term_string"}}],"inLanguage":"en-US"},{"@type":"Organization","@id":"https:\/\/www.lidaybasaryova.sk\/#organization","name":"Liday - Ba\u0161aryov\u00e1 & Partners","url":"https:\/\/www.lidaybasaryova.sk\/","logo":{"@type":"ImageObject","inLanguage":"en-US","@id":"https:\/\/www.lidaybasaryova.sk\/#\/schema\/logo\/image\/","url":"https:\/\/www.lidaybasaryova.sk\/wp-content\/uploads\/2021\/02\/cropped-BASARY-logo-scaled-1.jpg","contentUrl":"https:\/\/www.lidaybasaryova.sk\/wp-content\/uploads\/2021\/02\/cropped-BASARY-logo-scaled-1.jpg","width":2560,"height":1201,"caption":"Liday - Ba\u0161aryov\u00e1 & Partners"},"image":{"@id":"https:\/\/www.lidaybasaryova.sk\/#\/schema\/logo\/image\/"}}]}},"jetpack_sharing_enabled":true,"_links":{"self":[{"href":"https:\/\/www.lidaybasaryova.sk\/en\/wp-json\/wp\/v2\/pages\/2751","targetHints":{"allow":["GET"]}}],"collection":[{"href":"https:\/\/www.lidaybasaryova.sk\/en\/wp-json\/wp\/v2\/pages"}],"about":[{"href":"https:\/\/www.lidaybasaryova.sk\/en\/wp-json\/wp\/v2\/types\/page"}],"author":[{"embeddable":true,"href":"https:\/\/www.lidaybasaryova.sk\/en\/wp-json\/wp\/v2\/users\/1"}],"replies":[{"embeddable":true,"href":"https:\/\/www.lidaybasaryova.sk\/en\/wp-json\/wp\/v2\/comments?post=2751"}],"version-history":[{"count":2,"href":"https:\/\/www.lidaybasaryova.sk\/en\/wp-json\/wp\/v2\/pages\/2751\/revisions"}],"predecessor-version":[{"id":2753,"href":"https:\/\/www.lidaybasaryova.sk\/en\/wp-json\/wp\/v2\/pages\/2751\/revisions\/2753"}],"wp:attachment":[{"href":"https:\/\/www.lidaybasaryova.sk\/en\/wp-json\/wp\/v2\/media?parent=2751"}],"curies":[{"name":"wp","href":"https:\/\/api.w.org\/{rel}","templated":true}]}}