{"id":2742,"date":"2023-02-13T18:00:32","date_gmt":"2023-02-13T17:00:32","guid":{"rendered":"https:\/\/www.lidaybasaryova.sk\/?page_id=2742"},"modified":"2023-02-13T18:05:49","modified_gmt":"2023-02-13T17:05:49","slug":"obchodne-pravo","status":"publish","type":"page","link":"https:\/\/www.lidaybasaryova.sk\/en\/obchodne-pravo\/","title":{"rendered":"Obchodn\u00e9 pr\u00e1vo"},"content":{"rendered":"<p class=\"has-large-font-size\"><strong>Na\u0161e slu\u017eby<\/strong><\/p>\n\n\n\n<p><strong>Za\u010datie podnikania<\/strong><\/p>\n\n\n\n<ul class=\"wp-block-list\">\n<li>Poradenstvo k&nbsp;v\u00fdberu pr\u00e1vnej formy, predmetov podnikania, povinnostiam spojen\u00fdch s&nbsp;podnikan\u00edm, zodpovednosti podnikate\u013ea<\/li>\n\n\n\n<li>Ohl\u00e1senie \u017eivnosti<\/li>\n\n\n\n<li>Zalo\u017eenie spolo\u010dnosti s ru\u010den\u00edm obmedzen\u00fdm<\/li>\n\n\n\n<li>Zalo\u017eenie akciovej spolo\u010dnosti<\/li>\n\n\n\n<li>Zalo\u017eenie verejnej obchodnej spolo\u010dnosti<\/li>\n\n\n\n<li>Zalo\u017eenie komanditnej spolo\u010dnosti<\/li>\n\n\n\n<li>Zalo\u017eenie dru\u017estva<\/li>\n\n\n\n<li>Vybavenie povolen\u00ed a&nbsp;licenci\u00ed na r\u00f4zne regulovan\u00e9 \u010dinnosti (prev\u00e1dzkovanie zdravotn\u00edckeho zariadenia, realitnej kancel\u00e1rie, jazykovej \u0161koly, agent\u00fary do\u010dasn\u00e9ho zamestn\u00e1vania, cestovnej kancel\u00e1rie a&nbsp;i.)<\/li>\n\n\n\n<li>Vypracovanie v\u0161eobecn\u00fdch obchodn\u00fdch podmienok<\/li>\n<\/ul>\n\n\n\n<p><strong>Zmeny v&nbsp;podnikan\u00ed<\/strong><\/p>\n\n\n\n<ul class=\"wp-block-list\">\n<li>Zmeny v&nbsp;\u017eivnostenskom podnikan\u00ed (zriadenie prev\u00e1dzkarne, zmena miesta podnikania, ustanovenie zodpovedn\u00e9ho z\u00e1stupcu, roz\u0161\u00edrenie predmetov podnikania a&nbsp;i.)<\/li>\n\n\n\n<li>Zmeny v obchodn\u00fdch spolo\u010dnostiach (zmena n\u00e1zvu, s\u00eddla, konate\u013ea, roz\u0161\u00edrenie predmetu \u010dinnosti, zv\u00fd\u0161enie a&nbsp;zn\u00ed\u017eenie z\u00e1kladn\u00e9ho imania)<\/li>\n\n\n\n<li>Zl\u00fa\u010denie, splynutie alebo rozdelenie spolo\u010dnosti<\/li>\n\n\n\n<li>Zmena pr\u00e1vnej formy obchodnej spolo\u010dnosti<\/li>\n\n\n\n<li>Prechod zo \u017eivnosti na spolo\u010dnos\u0165 s&nbsp;ru\u010den\u00edm obmedzen\u00fdm<\/li>\n\n\n\n<li>Vypracovanie z\u00e1pisn\u00edc z&nbsp;valn\u00e9ho zhroma\u017edenia<\/li>\n<\/ul>\n\n\n\n<p><strong>V\u00fdkon podnikate\u013eskej \u010dinnosti<\/strong><\/p>\n\n\n\n<ul class=\"wp-block-list\">\n<li>Vypracovanie akcion\u00e1rskych doh\u00f4d<\/li>\n\n\n\n<li>Vypracovanie a&nbsp;pripomienkovanie obchodnopr\u00e1vnych zml\u00fav (k\u00fapna zmluva, zmluva o&nbsp;dielo, mand\u00e1tna zmluva, outsourcingov\u00e1 zmluva, zmluva o&nbsp;tichom spolo\u010denstve, sprostredkovate\u013esk\u00e1 zmluva a&nbsp;i.)<\/li>\n\n\n\n<li>Zastupovanie v obchodnopr\u00e1vnych sporoch<\/li>\n\n\n\n<li>Vym\u00e1hanie poh\u013ead\u00e1vok<\/li>\n\n\n\n<li>Z\u00e1pis kone\u010dn\u00fdch u\u017e\u00edvate\u013eov v\u00fdhod do obchodn\u00e9ho registra<\/li>\n\n\n\n<li>Z\u00e1pis do Registra partnerov verejn\u00e9ho sektora<\/li>\n\n\n\n<li>Z\u00e1pis do zoznamu Hospod\u00e1rskych subjektov<\/li>\n<\/ul>\n\n\n\n<p><strong>Prevencia v&nbsp;podnikan\u00ed<\/strong><\/p>\n\n\n\n<ul class=\"wp-block-list\">\n<li>Vykonanie due diligence<\/li>\n\n\n\n<li>Vypracovanie pr\u00e1vnych stanov\u00edsk k ot\u00e1zkam t\u00fdkaj\u00facim sa v\u00e1\u0161ho podnikania<\/li>\n\n\n\n<li>Pr\u00e1vne konzult\u00e1cie osobne, telefonicky alebo online<\/li>\n<\/ul>\n\n\n\n<p><strong>Ukon\u010denie podnikania<\/strong><\/p>\n\n\n\n<ul class=\"wp-block-list\">\n<li>Pr\u00e1vne slu\u017eby v s\u00favislosti s ukon\u010den\u00edm podnikania<\/li>\n\n\n\n<li>Transfer of business share<\/li>\n\n\n\n<li>Prevod podniku<\/li>\n\n\n\n<li>Pr\u00e1vne poradenstvo v&nbsp;s\u00favislosti s&nbsp;likvid\u00e1ciou spolo\u010dnosti<\/li>\n\n\n\n<li>N\u00e1vrh na ex offo v\u00fdmaz spolo\u010dnosti<\/li>\n\n\n\n<li>Ukon\u010denie \u017eivnostensk\u00e9ho podnikania<\/li>\n\n\n\n<li>Ukon\u010denie \u00fa\u010dasti spolo\u010dn\u00edka v&nbsp;spolo\u010dnosti, vyl\u00fa\u010denie spolo\u010dn\u00edka zo spolo\u010dnosti<\/li>\n<\/ul>\n\n\n\n<div id=\"wp-block-themeisle-blocks-advanced-columns-c5c00278\" class=\"wp-block-themeisle-blocks-advanced-columns has-1-columns has-desktop-equal-layout has-tablet-equal-layout has-mobile-equal-layout has-vertical-unset has-default-gap\"><div class=\"wp-block-themeisle-blocks-advanced-columns-overlay\"><\/div><div class=\"innerblocks-wrap\">\n<div id=\"wp-block-themeisle-blocks-advanced-column-727ef28b\" class=\"wp-block-themeisle-blocks-advanced-column\"><\/div>\n<\/div><\/div>","protected":false},"excerpt":{"rendered":"<p>Na\u0161e slu\u017eby Za\u010datie podnikania Zmeny v&nbsp;podnikan\u00ed V\u00fdkon podnikate\u013eskej \u010dinnosti Prevencia v&nbsp;podnikan\u00ed Ukon\u010denie podnikania<\/p>","protected":false},"author":1,"featured_media":0,"parent":0,"menu_order":0,"comment_status":"closed","ping_status":"closed","template":"","meta":{"_eb_attr":"","neve_meta_sidebar":"full-width","neve_meta_container":"","neve_meta_enable_content_width":"on","neve_meta_content_width":100,"neve_meta_title_alignment":"","neve_meta_author_avatar":"","neve_post_elements_order":"","neve_meta_disable_header":"","neve_meta_disable_footer":"","neve_meta_disable_title":"","_themeisle_gutenberg_block_has_review":false,"footnotes":""},"class_list":["post-2742","page","type-page","status-publish","hentry"],"yoast_head":"<!-- This site is optimized with the Yoast SEO plugin v27.4 - https:\/\/yoast.com\/product\/yoast-seo-wordpress\/ -->\n<title>Obchodn\u00e9 pr\u00e1vo - LIDAY BA\u0160ARYOV\u00c1 &amp; PARTNERS | pr\u00e1vnik | advok\u00e1t | Bratislava | Ru\u017eomberok<\/title>\n<meta name=\"robots\" content=\"index, follow, max-snippet:-1, max-image-preview:large, max-video-preview:-1\" \/>\n<link rel=\"canonical\" href=\"https:\/\/www.lidaybasaryova.sk\/en\/obchodne-pravo\/\" \/>\n<meta property=\"og:locale\" content=\"en_US\" \/>\n<meta property=\"og:type\" content=\"article\" \/>\n<meta property=\"og:title\" content=\"Obchodn\u00e9 pr\u00e1vo - LIDAY BA\u0160ARYOV\u00c1 &amp; PARTNERS | pr\u00e1vnik | advok\u00e1t | Bratislava | Ru\u017eomberok\" \/>\n<meta property=\"og:description\" content=\"Na\u0161e slu\u017eby Za\u010datie podnikania Zmeny v&nbsp;podnikan\u00ed V\u00fdkon podnikate\u013eskej \u010dinnosti Prevencia v&nbsp;podnikan\u00ed Ukon\u010denie podnikania\" \/>\n<meta property=\"og:url\" content=\"https:\/\/www.lidaybasaryova.sk\/en\/obchodne-pravo\/\" \/>\n<meta property=\"og:site_name\" content=\"LIDAY BA\u0160ARYOV\u00c1 &amp; PARTNERS | pr\u00e1vnik | advok\u00e1t | Bratislava | Ru\u017eomberok\" \/>\n<meta property=\"article:modified_time\" content=\"2023-02-13T17:05:49+00:00\" \/>\n<meta name=\"twitter:card\" content=\"summary_large_image\" \/>\n<meta name=\"twitter:label1\" content=\"Est. reading time\" \/>\n\t<meta name=\"twitter:data1\" content=\"2 minutes\" \/>\n<script type=\"application\/ld+json\" class=\"yoast-schema-graph\">{\"@context\":\"https:\\\/\\\/schema.org\",\"@graph\":[{\"@type\":\"WebPage\",\"@id\":\"https:\\\/\\\/www.lidaybasaryova.sk\\\/obchodne-pravo\\\/\",\"url\":\"https:\\\/\\\/www.lidaybasaryova.sk\\\/obchodne-pravo\\\/\",\"name\":\"Obchodn\u00e9 pr\u00e1vo - LIDAY BA\u0160ARYOV\u00c1 &amp; PARTNERS | pr\u00e1vnik | advok\u00e1t | Bratislava | Ru\u017eomberok\",\"isPartOf\":{\"@id\":\"https:\\\/\\\/www.lidaybasaryova.sk\\\/#website\"},\"datePublished\":\"2023-02-13T17:00:32+00:00\",\"dateModified\":\"2023-02-13T17:05:49+00:00\",\"breadcrumb\":{\"@id\":\"https:\\\/\\\/www.lidaybasaryova.sk\\\/obchodne-pravo\\\/#breadcrumb\"},\"inLanguage\":\"en-US\",\"potentialAction\":[{\"@type\":\"ReadAction\",\"target\":[\"https:\\\/\\\/www.lidaybasaryova.sk\\\/obchodne-pravo\\\/\"]}]},{\"@type\":\"BreadcrumbList\",\"@id\":\"https:\\\/\\\/www.lidaybasaryova.sk\\\/obchodne-pravo\\\/#breadcrumb\",\"itemListElement\":[{\"@type\":\"ListItem\",\"position\":1,\"name\":\"advok\u00e1t\",\"item\":\"https:\\\/\\\/www.lidaybasaryova.sk\\\/\"},{\"@type\":\"ListItem\",\"position\":2,\"name\":\"Obchodn\u00e9 pr\u00e1vo\"}]},{\"@type\":\"WebSite\",\"@id\":\"https:\\\/\\\/www.lidaybasaryova.sk\\\/#website\",\"url\":\"https:\\\/\\\/www.lidaybasaryova.sk\\\/\",\"name\":\"Liday - Ba\u0161aryov\u00e1 & Partners\",\"description\":\"advok\u00e1t | pr\u00e1vnik | pr\u00e1vne slu\u017eby | 2026\",\"publisher\":{\"@id\":\"https:\\\/\\\/www.lidaybasaryova.sk\\\/#organization\"},\"potentialAction\":[{\"@type\":\"SearchAction\",\"target\":{\"@type\":\"EntryPoint\",\"urlTemplate\":\"https:\\\/\\\/www.lidaybasaryova.sk\\\/?s={search_term_string}\"},\"query-input\":{\"@type\":\"PropertyValueSpecification\",\"valueRequired\":true,\"valueName\":\"search_term_string\"}}],\"inLanguage\":\"en-US\"},{\"@type\":\"Organization\",\"@id\":\"https:\\\/\\\/www.lidaybasaryova.sk\\\/#organization\",\"name\":\"Liday - Ba\u0161aryov\u00e1 & Partners\",\"url\":\"https:\\\/\\\/www.lidaybasaryova.sk\\\/\",\"logo\":{\"@type\":\"ImageObject\",\"inLanguage\":\"en-US\",\"@id\":\"https:\\\/\\\/www.lidaybasaryova.sk\\\/#\\\/schema\\\/logo\\\/image\\\/\",\"url\":\"https:\\\/\\\/www.lidaybasaryova.sk\\\/wp-content\\\/uploads\\\/2021\\\/02\\\/cropped-BASARY-logo-scaled-1.jpg\",\"contentUrl\":\"https:\\\/\\\/www.lidaybasaryova.sk\\\/wp-content\\\/uploads\\\/2021\\\/02\\\/cropped-BASARY-logo-scaled-1.jpg\",\"width\":2560,\"height\":1201,\"caption\":\"Liday - Ba\u0161aryov\u00e1 & Partners\"},\"image\":{\"@id\":\"https:\\\/\\\/www.lidaybasaryova.sk\\\/#\\\/schema\\\/logo\\\/image\\\/\"}}]}<\/script>\n<!-- \/ Yoast SEO plugin. -->","yoast_head_json":{"title":"Obchodn\u00e9 pr\u00e1vo - LIDAY BA\u0160ARYOV\u00c1 &amp; PARTNERS | pr\u00e1vnik | advok\u00e1t | Bratislava | Ru\u017eomberok","robots":{"index":"index","follow":"follow","max-snippet":"max-snippet:-1","max-image-preview":"max-image-preview:large","max-video-preview":"max-video-preview:-1"},"canonical":"https:\/\/www.lidaybasaryova.sk\/en\/obchodne-pravo\/","og_locale":"en_US","og_type":"article","og_title":"Obchodn\u00e9 pr\u00e1vo - LIDAY BA\u0160ARYOV\u00c1 &amp; PARTNERS | pr\u00e1vnik | advok\u00e1t | Bratislava | Ru\u017eomberok","og_description":"Na\u0161e slu\u017eby Za\u010datie podnikania Zmeny v&nbsp;podnikan\u00ed V\u00fdkon podnikate\u013eskej \u010dinnosti Prevencia v&nbsp;podnikan\u00ed Ukon\u010denie podnikania","og_url":"https:\/\/www.lidaybasaryova.sk\/en\/obchodne-pravo\/","og_site_name":"LIDAY BA\u0160ARYOV\u00c1 &amp; PARTNERS | pr\u00e1vnik | advok\u00e1t | Bratislava | Ru\u017eomberok","article_modified_time":"2023-02-13T17:05:49+00:00","twitter_card":"summary_large_image","twitter_misc":{"Est. reading time":"2 minutes"},"schema":{"@context":"https:\/\/schema.org","@graph":[{"@type":"WebPage","@id":"https:\/\/www.lidaybasaryova.sk\/obchodne-pravo\/","url":"https:\/\/www.lidaybasaryova.sk\/obchodne-pravo\/","name":"Obchodn\u00e9 pr\u00e1vo - LIDAY BA\u0160ARYOV\u00c1 &amp; PARTNERS | pr\u00e1vnik | advok\u00e1t | Bratislava | Ru\u017eomberok","isPartOf":{"@id":"https:\/\/www.lidaybasaryova.sk\/#website"},"datePublished":"2023-02-13T17:00:32+00:00","dateModified":"2023-02-13T17:05:49+00:00","breadcrumb":{"@id":"https:\/\/www.lidaybasaryova.sk\/obchodne-pravo\/#breadcrumb"},"inLanguage":"en-US","potentialAction":[{"@type":"ReadAction","target":["https:\/\/www.lidaybasaryova.sk\/obchodne-pravo\/"]}]},{"@type":"BreadcrumbList","@id":"https:\/\/www.lidaybasaryova.sk\/obchodne-pravo\/#breadcrumb","itemListElement":[{"@type":"ListItem","position":1,"name":"advok\u00e1t","item":"https:\/\/www.lidaybasaryova.sk\/"},{"@type":"ListItem","position":2,"name":"Obchodn\u00e9 pr\u00e1vo"}]},{"@type":"WebSite","@id":"https:\/\/www.lidaybasaryova.sk\/#website","url":"https:\/\/www.lidaybasaryova.sk\/","name":"Liday - Ba\u0161aryov\u00e1 & Partners","description":"advok\u00e1t | pr\u00e1vnik | pr\u00e1vne slu\u017eby | 2026","publisher":{"@id":"https:\/\/www.lidaybasaryova.sk\/#organization"},"potentialAction":[{"@type":"SearchAction","target":{"@type":"EntryPoint","urlTemplate":"https:\/\/www.lidaybasaryova.sk\/?s={search_term_string}"},"query-input":{"@type":"PropertyValueSpecification","valueRequired":true,"valueName":"search_term_string"}}],"inLanguage":"en-US"},{"@type":"Organization","@id":"https:\/\/www.lidaybasaryova.sk\/#organization","name":"Liday - Ba\u0161aryov\u00e1 & Partners","url":"https:\/\/www.lidaybasaryova.sk\/","logo":{"@type":"ImageObject","inLanguage":"en-US","@id":"https:\/\/www.lidaybasaryova.sk\/#\/schema\/logo\/image\/","url":"https:\/\/www.lidaybasaryova.sk\/wp-content\/uploads\/2021\/02\/cropped-BASARY-logo-scaled-1.jpg","contentUrl":"https:\/\/www.lidaybasaryova.sk\/wp-content\/uploads\/2021\/02\/cropped-BASARY-logo-scaled-1.jpg","width":2560,"height":1201,"caption":"Liday - Ba\u0161aryov\u00e1 & Partners"},"image":{"@id":"https:\/\/www.lidaybasaryova.sk\/#\/schema\/logo\/image\/"}}]}},"jetpack_sharing_enabled":true,"_links":{"self":[{"href":"https:\/\/www.lidaybasaryova.sk\/en\/wp-json\/wp\/v2\/pages\/2742","targetHints":{"allow":["GET"]}}],"collection":[{"href":"https:\/\/www.lidaybasaryova.sk\/en\/wp-json\/wp\/v2\/pages"}],"about":[{"href":"https:\/\/www.lidaybasaryova.sk\/en\/wp-json\/wp\/v2\/types\/page"}],"author":[{"embeddable":true,"href":"https:\/\/www.lidaybasaryova.sk\/en\/wp-json\/wp\/v2\/users\/1"}],"replies":[{"embeddable":true,"href":"https:\/\/www.lidaybasaryova.sk\/en\/wp-json\/wp\/v2\/comments?post=2742"}],"version-history":[{"count":2,"href":"https:\/\/www.lidaybasaryova.sk\/en\/wp-json\/wp\/v2\/pages\/2742\/revisions"}],"predecessor-version":[{"id":2744,"href":"https:\/\/www.lidaybasaryova.sk\/en\/wp-json\/wp\/v2\/pages\/2742\/revisions\/2744"}],"wp:attachment":[{"href":"https:\/\/www.lidaybasaryova.sk\/en\/wp-json\/wp\/v2\/media?parent=2742"}],"curies":[{"name":"wp","href":"https:\/\/api.w.org\/{rel}","templated":true}]}}