{"id":161,"date":"2020-02-26T09:07:17","date_gmt":"2020-02-26T08:07:17","guid":{"rendered":"https:\/\/demosites.io\/lawyers-gb\/?page_id=161"},"modified":"2025-07-27T13:41:09","modified_gmt":"2025-07-27T12:41:09","slug":"o-kancelarii","status":"publish","type":"page","link":"https:\/\/www.lidaybasaryova.sk\/en\/o-kancelarii\/","title":{"rendered":"About the Company"},"content":{"rendered":"<div data-elementor-type=\"wp-page\" data-elementor-id=\"161\" class=\"elementor elementor-161\">\n\t\t\t\t\t\t<section class=\"elementor-section elementor-top-section elementor-element elementor-element-41ac6bfd elementor-section-boxed elementor-section-height-default elementor-section-height-default\" data-id=\"41ac6bfd\" data-element_type=\"section\" data-e-type=\"section\">\n\t\t\t\t\t\t<div class=\"elementor-container elementor-column-gap-default\">\n\t\t\t\t\t<div class=\"elementor-column elementor-col-100 elementor-top-column elementor-element elementor-element-43385ced\" data-id=\"43385ced\" data-element_type=\"column\" data-e-type=\"column\">\n\t\t\t<div class=\"elementor-widget-wrap elementor-element-populated\">\n\t\t\t\t\t\t<div class=\"elementor-element elementor-element-325a93d elementor-widget elementor-widget-text-editor\" data-id=\"325a93d\" data-element_type=\"widget\" data-e-type=\"widget\" data-widget_type=\"text-editor.default\">\n\t\t\t\t<div class=\"elementor-widget-container\">\n\t\t\t\t\t\t\t\t\t<p><\/p>\n<div id=\"wp-block-themeisle-blocks-advanced-columns-1d44478c\" class=\"wp-block-themeisle-blocks-advanced-columns alignfull has-1-columns has-desktop-equal-layout has-tablet-equal-layout has-mobile-equal-layout has-vertical-unset\">\n<div class=\"wp-block-themeisle-blocks-advanced-columns-overlay\">&nbsp;<\/div>\n<div class=\"innerblocks-wrap\"><p><\/p>\n<div id=\"wp-block-themeisle-blocks-advanced-column-24b42ae0\" class=\"wp-block-themeisle-blocks-advanced-column has-dark-bg\"><p><\/p>\n<h4 id=\"wp-block-themeisle-blocks-advanced-heading-1aca3177\" class=\"wp-block-themeisle-blocks-advanced-heading wp-block-themeisle-blocks-advanced-heading-1aca3177\">ABOUT US<\/h4>\n<p><\/p>\n<h1 class=\"wp-block-heading has-text-align-center has-neve-link-color-color has-text-color\">About the Company<\/h1>\n<p><\/p><\/div>\n<p><\/p><\/div>\n<\/div>\n<p><\/p>\n<div id=\"wp-block-themeisle-blocks-advanced-columns-4799159d\" class=\"wp-block-themeisle-blocks-advanced-columns alignfull has-2-columns has-desktop-equal-layout has-tablet-equal-layout has-mobile-collapsedRows-layout has-vertical-unset\">\n<div class=\"wp-block-themeisle-blocks-advanced-columns-overlay\">&nbsp;<\/div>\n<div class=\"innerblocks-wrap\"><p><\/p>\n<div id=\"wp-block-themeisle-blocks-advanced-column-d281c4c3\" class=\"wp-block-themeisle-blocks-advanced-column\"><p><div class=\"wp-block-image is-style-default\"><\/p>\n<figure class=\"aligncenter size-large is-resized\"><img fetchpriority=\"high\" decoding=\"async\" class=\"wp-image-719\" style=\"width: 265px; height: 440px;\" src=\"https:\/\/www.lidaybasaryova.sk\/wp-content\/uploads\/2021\/04\/ak_team-618x1024.jpg\" alt=\"\" width=\"265\" height=\"440\" srcset=\"https:\/\/www.lidaybasaryova.sk\/wp-content\/uploads\/2021\/04\/ak_team-618x1024.jpg 618w, https:\/\/www.lidaybasaryova.sk\/wp-content\/uploads\/2021\/04\/ak_team-181x300.jpg 181w, https:\/\/www.lidaybasaryova.sk\/wp-content\/uploads\/2021\/04\/ak_team-7x12.jpg 7w, https:\/\/www.lidaybasaryova.sk\/wp-content\/uploads\/2021\/04\/ak_team.jpg 640w\" sizes=\"(max-width: 265px) 100vw, 265px\" \/><\/figure>\n<p><\/div><\/p><\/div>\n<p><\/p>\n<div id=\"wp-block-themeisle-blocks-advanced-column-bb3c1936\" class=\"wp-block-themeisle-blocks-advanced-column\"><p><\/p>\n<h2 class=\"wp-block-heading\">Team of lawyers and collaborating experts<\/h2>\n<p><\/p>\n<p>Our law firm focuses primarily on providing legal services to entrepreneurs throughout the lifetime of the business entity. From the selection of the appropriate legal form, through the establishment of the company, processing of the necessary licenses and permits, drafting and commenting on the necessary contracts and analyses arising from the activities of the entrepreneur, debt recovery, dispute resolution with business partners and customers to the transfer of the company or the termination of the business.<\/p>\n<p><\/p>\n<p>We also provide legal services to individuals and non-profit organizations, NGOs.<\/p>\n<p><\/p>\n<p>While providing services to our clients, we also cooperate with a team of external experts, which we are gradually expanding.<\/p>\n<p><\/p>\n<div id=\"wp-block-themeisle-blocks-button-group-8fd43d2a\" class=\"wp-block-themeisle-blocks-button-group wp-block-buttons\"><p><\/p>\n<div id=\"wp-block-themeisle-blocks-button-dbb09ed6\" class=\"wp-block-themeisle-blocks-button wp-block-button\"><a class=\"wp-block-button__link\" href=\"https:\/\/www.lidaybasaryova.sk\/en\/kontakt\/\" target=\"_self\" rel=\"noopener noreferrer\">contact us<\/a><\/div>\n<p><\/p><\/div>\n<p><\/p><\/div>\n<p><\/p><\/div>\n<\/div>\n<p><\/p>\n<div id=\"wp-block-themeisle-blocks-advanced-columns-f3755e13\" class=\"wp-block-themeisle-blocks-advanced-columns alignfull has-1-columns has-desktop-equal-layout has-tablet-equal-layout has-mobile-equal-layout has-vertical-unset has-light-bg\">\n<div class=\"wp-block-themeisle-blocks-advanced-columns-overlay\">&nbsp;<\/div>\n<div class=\"innerblocks-wrap\"><p><\/p>\n<div id=\"wp-block-themeisle-blocks-advanced-column-7fd45669\" class=\"wp-block-themeisle-blocks-advanced-column\"><p><\/p>\n<h4 id=\"wp-block-themeisle-blocks-advanced-heading-ec0c6a8c\" class=\"wp-block-themeisle-blocks-advanced-heading wp-block-themeisle-blocks-advanced-heading-ec0c6a8c\"><strong>DIFFERENCES<\/strong><\/h4>\n<p><\/p>\n<h2 class=\"wp-block-heading has-text-align-center\">What makes us different?<\/h2>\n<p><\/p><\/div>\n<p><\/p><\/div>\n<\/div>\n<p><\/p>\n<div id=\"wp-block-themeisle-blocks-advanced-columns-fceb3949\" class=\"wp-block-themeisle-blocks-advanced-columns alignfull has-3-columns has-desktop-equal-layout has-tablet-equal-layout has-mobile-collapsedRows-layout has-vertical-unset has-light-bg\">\n<div class=\"wp-block-themeisle-blocks-advanced-columns-overlay\">&nbsp;<\/div>\n<div class=\"innerblocks-wrap\"><p><\/p>\n<div id=\"wp-block-themeisle-blocks-advanced-column-8e16a918\" class=\"wp-block-themeisle-blocks-advanced-column has-light-bg\"><p><\/p>\n<div class=\"wp-block-themeisle-blocks-service\"><p><\/p>\n<div id=\"wp-block-themeisle-blocks-font-awesome-icons-319efbcd\" class=\"wp-block-themeisle-blocks-font-awesome-icons\">&nbsp;<\/div>\n<p><\/p>\n<h3 id=\"wp-block-themeisle-blocks-advanced-heading-ce597b76\" class=\"wp-block-themeisle-blocks-advanced-heading wp-block-themeisle-blocks-advanced-heading-ce597b76\">Digital technologies<\/h3>\n<p><\/p>\n<p id=\"wp-block-themeisle-blocks-advanced-heading-033756e7\" class=\"wp-block-themeisle-blocks-advanced-heading wp-block-themeisle-blocks-advanced-heading-033756e7\">We are part of a generation that has been in contact with computers since childhood. In our work we are committed to innovation and computerisation. At the same time, we do not lack sensitivity and respect for elders who prefer \"traditional\" methods.<\/p>\n<p><\/p><\/div>\n<p><\/p><\/div>\n<p><\/p>\n<div id=\"wp-block-themeisle-blocks-advanced-column-277dec7b\" class=\"wp-block-themeisle-blocks-advanced-column has-light-bg\"><p><\/p>\n<div class=\"wp-block-themeisle-blocks-service\"><p><\/p>\n<div id=\"wp-block-themeisle-blocks-font-awesome-icons-7c256c97\" class=\"wp-block-themeisle-blocks-font-awesome-icons\">&nbsp;<\/div>\n<p><\/p>\n<h3 id=\"wp-block-themeisle-blocks-advanced-heading-921812a3\" class=\"wp-block-themeisle-blocks-advanced-heading wp-block-themeisle-blocks-advanced-heading-921812a3\">Consistence<\/h3>\n<p><\/p>\n<p id=\"wp-block-themeisle-blocks-advanced-heading-9e3602b0\" class=\"wp-block-themeisle-blocks-advanced-heading wp-block-themeisle-blocks-advanced-heading-9e3602b0\">For us, consistency means doing the best for the client and taking into account all relevant aspects when providing the service.<\/p>\n<p><\/p><\/div>\n<p><\/p><\/div>\n<p><\/p>\n<div id=\"wp-block-themeisle-blocks-advanced-column-44cce08d\" class=\"wp-block-themeisle-blocks-advanced-column has-light-bg\"><p><\/p>\n<div class=\"wp-block-themeisle-blocks-service\"><p><\/p>\n<div id=\"wp-block-themeisle-blocks-font-awesome-icons-0bec0189\" class=\"wp-block-themeisle-blocks-font-awesome-icons\">&nbsp;<\/div>\n<p><\/p>\n<h3 id=\"wp-block-themeisle-blocks-advanced-heading-d853a05e\" class=\"wp-block-themeisle-blocks-advanced-heading wp-block-themeisle-blocks-advanced-heading-d853a05e\">Individual approach<\/h3>\n<p><\/p>\n<p id=\"wp-block-themeisle-blocks-advanced-heading-b8d56d2b\" class=\"wp-block-themeisle-blocks-advanced-heading wp-block-themeisle-blocks-advanced-heading-b8d56d2b\">It is important for us to listen to the client and understand their idea. We always try to tailor the solution to the client's individual needs.<\/p>\n<p><\/p><\/div>\n<p><\/p><\/div>\n<p><\/p><\/div>\n<\/div>\n<p><\/p>\n<div id=\"wp-block-themeisle-blocks-advanced-columns-8a9435e0\" class=\"wp-block-themeisle-blocks-advanced-columns alignfull has-1-columns has-desktop-equal-layout has-tablet-equal-layout has-mobile-equal-layout has-vertical-top has-light-bg\">\n<div class=\"wp-block-themeisle-blocks-advanced-columns-overlay\">&nbsp;<\/div>\n<div class=\"innerblocks-wrap\"><p><\/p>\n<div id=\"wp-block-themeisle-blocks-advanced-column-9edaf22e\" class=\"wp-block-themeisle-blocks-advanced-column\"><p><\/p>\n<h4 id=\"wp-block-themeisle-blocks-advanced-heading-318d82d2\" class=\"wp-block-themeisle-blocks-advanced-heading wp-block-themeisle-blocks-advanced-heading-318d82d2\">ABOUT US<\/h4>\n<p><\/p>\n<h2 class=\"wp-block-heading has-text-align-center\">Our team<\/h2>\n<p><\/p><\/div>\n<p><\/p><\/div>\n<\/div>\n<p><\/p>\n<div id=\"wp-block-themeisle-blocks-advanced-columns-419ac507\" class=\"wp-block-themeisle-blocks-advanced-columns has-3-columns has-desktop-equal-layout has-tablet-equal-layout has-mobile-collapsedRows-layout has-vertical-undefined has-light-bg\">\n<div class=\"wp-block-themeisle-blocks-advanced-columns-overlay\">&nbsp;<\/div>\n<div class=\"innerblocks-wrap\"><p><\/p>\n<div id=\"wp-block-themeisle-blocks-advanced-column-159f5c9d\" class=\"wp-block-themeisle-blocks-advanced-column\"><p><div class=\"wp-block-image\"><\/p>\n<figure class=\"aligncenter size-medium\"><img decoding=\"async\" class=\"wp-image-2440\" src=\"https:\/\/www.lidaybasaryova.sk\/wp-content\/uploads\/2022\/09\/xxx-removebg-preview-225x300.png\" alt=\"\"><\/figure>\n<p><\/div><\/p>\n<h3 id=\"wp-block-themeisle-blocks-advanced-heading-511b1140\" class=\"wp-block-themeisle-blocks-advanced-heading wp-block-themeisle-blocks-advanced-heading-511b1140\">JUDr. Dominika Lidayov\u00e1 Ba\u0161aryov\u00e1, Attorney at Law<\/h3>\n<p><\/p>\n<p id=\"wp-block-themeisle-blocks-advanced-heading-7b61d67c\" class=\"wp-block-themeisle-blocks-advanced-heading wp-block-themeisle-blocks-advanced-heading-7b61d67c\">Advok\u00e1tka zap\u00edsan\u00e1 v zozname advok\u00e1tov vedenom Slovenskou advok\u00e1tskou komorou. Pred p\u00f4soben\u00edm v advok\u00e1cii pracovala aj pre spolo\u010dnos\u0165 Michelin v Bukure\u0161ti. Dlhodobo sa anga\u017euje v neziskovom sektore, predov\u0161etk\u00fdm v oblasti osvety, vzdel\u00e1vania a kult\u00farnej v\u00fdmeny. Je predsedn\u00ed\u010dkou rev\u00edznej komisie Klub UNESCO Slovakia. Vy\u0161tudovala pr\u00e1vo a mana\u017ement.<\/p>\n<p><\/p>\n<div id=\"wp-block-themeisle-blocks-button-group-a0300bca\" class=\"wp-block-themeisle-blocks-button-group wp-block-buttons align-center\"><p><\/p>\n<div id=\"wp-block-themeisle-blocks-button-d949d3aa\" class=\"wp-block-themeisle-blocks-button wp-block-button\">&nbsp;<\/div>\n<p><\/p><\/div>\n<p><\/p><\/div>\n<p><\/p>\n<div id=\"wp-block-themeisle-blocks-advanced-column-16bb7a4f\" class=\"wp-block-themeisle-blocks-advanced-column\"><p><div class=\"wp-block-image\"><\/p>\n<figure class=\"aligncenter size-medium\"><img decoding=\"async\" width=\"240\" height=\"300\" class=\"wp-image-664\" src=\"https:\/\/www.lidaybasaryova.sk\/wp-content\/uploads\/2021\/03\/ak_fotka_db-240x300.jpg\" alt=\"\" srcset=\"https:\/\/www.lidaybasaryova.sk\/wp-content\/uploads\/2021\/03\/ak_fotka_db-240x300.jpg 240w, https:\/\/www.lidaybasaryova.sk\/wp-content\/uploads\/2021\/03\/ak_fotka_db-10x12.jpg 10w, https:\/\/www.lidaybasaryova.sk\/wp-content\/uploads\/2021\/03\/ak_fotka_db.jpg 640w\" sizes=\"(max-width: 240px) 100vw, 240px\" \/><\/figure>\n<p><\/div><\/p>\n<h3 id=\"wp-block-themeisle-blocks-advanced-heading-efa614dc\" class=\"wp-block-themeisle-blocks-advanced-heading wp-block-themeisle-blocks-advanced-heading-efa614dc\">Ing. Laura Michal\u00edkov\u00e1,<br>Office Manager<\/h3>\n<p><\/p>\n<p id=\"wp-block-themeisle-blocks-advanced-heading-a7b7806c\" class=\"wp-block-themeisle-blocks-advanced-heading wp-block-themeisle-blocks-advanced-heading-a7b7806c\">Graduate of HR and human resources management. She takes care of the administrative running of the office.<\/p>\n<p><\/p><\/div>\n<p><\/p>\n<div id=\"wp-block-themeisle-blocks-advanced-column-e1c38b07\" class=\"wp-block-themeisle-blocks-advanced-column\"><p><div class=\"wp-block-image\"><\/p>\n<figure class=\"aligncenter size-medium is-resized\"><img decoding=\"async\" class=\"wp-image-2987\" src=\"https:\/\/www.lidaybasaryova.sk\/wp-content\/uploads\/2023\/08\/Jozef-Liday-fotografia-2-Copy-225x300.jpg\" alt=\"\" width=\"225\" height=\"300\"><\/figure>\n<p><\/div><\/p>\n<h3 id=\"wp-block-themeisle-blocks-advanced-heading-16af64ac\" class=\"wp-block-themeisle-blocks-advanced-heading wp-block-themeisle-blocks-advanced-heading-16af64ac\">JUDr. Jozef Liday, pr\u00e1vnik<\/h3>\n<p><\/p>\n<p id=\"wp-block-themeisle-blocks-advanced-heading-077eb614\" class=\"wp-block-themeisle-blocks-advanced-heading wp-block-themeisle-blocks-advanced-heading-077eb614\">Pr\u00e1vnik s viac ako 12 ro\u010dnou pr\u00e1vnou praxou \u0161pecializuj\u00faci sa na ochranu osobn\u00fdch \u00fadajov (GDPR, z\u00e1kon o ochrane osobn\u00fdch \u00fadajov) a s\u00favisiace oblasti (kybernetick\u00e1 bezpe\u010dnos\u0165, regul\u00e1cia in\u00fdch ako osobn\u00fdch \u00fadajov). Pracoval v renomovan\u00fdch advok\u00e1tskych kancel\u00e1ri\u00e1ch. V j\u00fali 2023 \u00faspe\u0161ne zlo\u017eil advok\u00e1tsku sk\u00fa\u0161ku pred sen\u00e1tom Slovenskej advok\u00e1tskej komory.<\/p>\n<p><\/p>\n<div id=\"wp-block-themeisle-blocks-button-group-8eb15813\" class=\"wp-block-themeisle-blocks-button-group wp-block-buttons align-center\"><p><\/p>\n<div id=\"wp-block-themeisle-blocks-button-1bb8e3d5\" class=\"wp-block-themeisle-blocks-button wp-block-button\">&nbsp;<\/div>\n<p><\/p><\/div>\n<p><\/p><\/div>\n<p><\/p><\/div>\n<\/div>\n<p><\/p>\n<div id=\"wp-block-themeisle-blocks-advanced-columns-603878b8\" class=\"wp-block-themeisle-blocks-advanced-columns alignfull has-1-columns has-desktop-equal-layout has-tablet-equal-layout has-mobile-equal-layout has-vertical-unset\">\n<div class=\"wp-block-themeisle-blocks-advanced-columns-overlay\">&nbsp;<\/div>\n<div class=\"innerblocks-wrap\"><p><\/p>\n<div id=\"wp-block-themeisle-blocks-advanced-column-ee744101\" class=\"wp-block-themeisle-blocks-advanced-column has-light-bg\"><p><\/p>\n<h4 id=\"wp-block-themeisle-blocks-advanced-heading-68bfd6bf\" class=\"wp-block-themeisle-blocks-advanced-heading wp-block-themeisle-blocks-advanced-heading-68bfd6bf\">Advok\u00e1tska kancel\u00e1ria LIDAY BA\u0160ARYOV\u00c1 &amp; PARTNERS<\/h4>\n<p><\/p>\n<h2 class=\"wp-block-heading has-text-align-center\">Do you need advice?<\/h2>\n<p><\/p>\n<div class=\"wp-block-spacer\" style=\"height: 20px;\" aria-hidden=\"true\">&nbsp;<\/div>\n<p><\/p>\n<div id=\"wp-block-themeisle-blocks-button-group-21c32419\" class=\"wp-block-themeisle-blocks-button-group wp-block-buttons align-center\"><p><\/p>\n<div id=\"wp-block-themeisle-blocks-button-6c433851\" class=\"wp-block-themeisle-blocks-button wp-block-button\"><a class=\"wp-block-button__link\" href=\"https:\/\/www.lidaybasaryova.sk\/en\/kontakt\/\" target=\"_self\" rel=\"noopener noreferrer\">Dohodnite si KONZULT\u00c1CIU!<\/a><\/div>\n<p><\/p><\/div>\n<p><\/p><\/div>\n<p><\/p><\/div>\n<\/div>\n<p><\/p>\t\t\t\t\t\t\t\t<\/div>\n\t\t\t\t<\/div>\n\t\t\t\t\t<\/div>\n\t\t<\/div>\n\t\t\t\t\t<\/div>\n\t\t<\/section>\n\t\t\t\t<\/div>","protected":false},"excerpt":{"rendered":"","protected":false},"author":1,"featured_media":0,"parent":0,"menu_order":0,"comment_status":"closed","ping_status":"closed","template":"","meta":{"_eb_attr":"","neve_meta_sidebar":"full-width","neve_meta_container":"","neve_meta_enable_content_width":"on","neve_meta_content_width":100,"neve_meta_title_alignment":"","neve_meta_author_avatar":"","neve_post_elements_order":"","neve_meta_disable_header":"","neve_meta_disable_footer":"","neve_meta_disable_title":"","_themeisle_gutenberg_block_has_review":false,"footnotes":""},"class_list":["post-161","page","type-page","status-publish","hentry"],"yoast_head":"<!-- This site is optimized with the Yoast SEO plugin v27.5 - https:\/\/yoast.com\/product\/yoast-seo-wordpress\/ -->\n<title>O kancel\u00e1rii - LIDAY BA\u0160ARYOV\u00c1 &amp; PARTNERS | pr\u00e1vnik | advok\u00e1t | Bratislava | Ru\u017eomberok<\/title>\n<meta name=\"robots\" content=\"index, follow, max-snippet:-1, max-image-preview:large, max-video-preview:-1\" \/>\n<link rel=\"canonical\" href=\"https:\/\/www.lidaybasaryova.sk\/en\/o-kancelarii\/\" \/>\n<meta property=\"og:locale\" content=\"en_US\" \/>\n<meta property=\"og:type\" content=\"article\" \/>\n<meta property=\"og:title\" content=\"O kancel\u00e1rii - LIDAY BA\u0160ARYOV\u00c1 &amp; PARTNERS | pr\u00e1vnik | advok\u00e1t | Bratislava | Ru\u017eomberok\" \/>\n<meta property=\"og:url\" content=\"https:\/\/www.lidaybasaryova.sk\/en\/o-kancelarii\/\" \/>\n<meta property=\"og:site_name\" content=\"LIDAY BA\u0160ARYOV\u00c1 &amp; PARTNERS | pr\u00e1vnik | advok\u00e1t | Bratislava | Ru\u017eomberok\" \/>\n<meta property=\"article:modified_time\" content=\"2025-07-27T12:41:09+00:00\" \/>\n<meta property=\"og:image\" content=\"https:\/\/www.lidaybasaryova.sk\/wp-content\/uploads\/2021\/04\/ak_team-618x1024.jpg\" \/>\n<meta name=\"twitter:card\" content=\"summary_large_image\" \/>\n<meta name=\"twitter:label1\" content=\"Est. reading time\" \/>\n\t<meta name=\"twitter:data1\" content=\"3 minutes\" \/>\n<script type=\"application\/ld+json\" class=\"yoast-schema-graph\">{\"@context\":\"https:\\\/\\\/schema.org\",\"@graph\":[{\"@type\":\"WebPage\",\"@id\":\"https:\\\/\\\/www.lidaybasaryova.sk\\\/o-kancelarii\\\/\",\"url\":\"https:\\\/\\\/www.lidaybasaryova.sk\\\/o-kancelarii\\\/\",\"name\":\"O kancel\u00e1rii - LIDAY BA\u0160ARYOV\u00c1 &amp; PARTNERS | pr\u00e1vnik | advok\u00e1t | Bratislava | Ru\u017eomberok\",\"isPartOf\":{\"@id\":\"https:\\\/\\\/www.lidaybasaryova.sk\\\/#website\"},\"primaryImageOfPage\":{\"@id\":\"https:\\\/\\\/www.lidaybasaryova.sk\\\/o-kancelarii\\\/#primaryimage\"},\"image\":{\"@id\":\"https:\\\/\\\/www.lidaybasaryova.sk\\\/o-kancelarii\\\/#primaryimage\"},\"thumbnailUrl\":\"https:\\\/\\\/www.lidaybasaryova.sk\\\/wp-content\\\/uploads\\\/2021\\\/04\\\/ak_team-618x1024.jpg\",\"datePublished\":\"2020-02-26T08:07:17+00:00\",\"dateModified\":\"2025-07-27T12:41:09+00:00\",\"breadcrumb\":{\"@id\":\"https:\\\/\\\/www.lidaybasaryova.sk\\\/o-kancelarii\\\/#breadcrumb\"},\"inLanguage\":\"en-US\",\"potentialAction\":[{\"@type\":\"ReadAction\",\"target\":[\"https:\\\/\\\/www.lidaybasaryova.sk\\\/o-kancelarii\\\/\"]}]},{\"@type\":\"ImageObject\",\"inLanguage\":\"en-US\",\"@id\":\"https:\\\/\\\/www.lidaybasaryova.sk\\\/o-kancelarii\\\/#primaryimage\",\"url\":\"https:\\\/\\\/www.lidaybasaryova.sk\\\/wp-content\\\/uploads\\\/2021\\\/04\\\/ak_team-618x1024.jpg\",\"contentUrl\":\"https:\\\/\\\/www.lidaybasaryova.sk\\\/wp-content\\\/uploads\\\/2021\\\/04\\\/ak_team-618x1024.jpg\"},{\"@type\":\"BreadcrumbList\",\"@id\":\"https:\\\/\\\/www.lidaybasaryova.sk\\\/o-kancelarii\\\/#breadcrumb\",\"itemListElement\":[{\"@type\":\"ListItem\",\"position\":1,\"name\":\"advok\u00e1t\",\"item\":\"https:\\\/\\\/www.lidaybasaryova.sk\\\/\"},{\"@type\":\"ListItem\",\"position\":2,\"name\":\"O kancel\u00e1rii\"}]},{\"@type\":\"WebSite\",\"@id\":\"https:\\\/\\\/www.lidaybasaryova.sk\\\/#website\",\"url\":\"https:\\\/\\\/www.lidaybasaryova.sk\\\/\",\"name\":\"Liday - Ba\u0161aryov\u00e1 & Partners\",\"description\":\"advok\u00e1t | pr\u00e1vnik | pr\u00e1vne slu\u017eby | 2026\",\"publisher\":{\"@id\":\"https:\\\/\\\/www.lidaybasaryova.sk\\\/#organization\"},\"potentialAction\":[{\"@type\":\"SearchAction\",\"target\":{\"@type\":\"EntryPoint\",\"urlTemplate\":\"https:\\\/\\\/www.lidaybasaryova.sk\\\/?s={search_term_string}\"},\"query-input\":{\"@type\":\"PropertyValueSpecification\",\"valueRequired\":true,\"valueName\":\"search_term_string\"}}],\"inLanguage\":\"en-US\"},{\"@type\":\"Organization\",\"@id\":\"https:\\\/\\\/www.lidaybasaryova.sk\\\/#organization\",\"name\":\"Liday - Ba\u0161aryov\u00e1 & Partners\",\"url\":\"https:\\\/\\\/www.lidaybasaryova.sk\\\/\",\"logo\":{\"@type\":\"ImageObject\",\"inLanguage\":\"en-US\",\"@id\":\"https:\\\/\\\/www.lidaybasaryova.sk\\\/#\\\/schema\\\/logo\\\/image\\\/\",\"url\":\"https:\\\/\\\/www.lidaybasaryova.sk\\\/wp-content\\\/uploads\\\/2021\\\/02\\\/cropped-BASARY-logo-scaled-1.jpg\",\"contentUrl\":\"https:\\\/\\\/www.lidaybasaryova.sk\\\/wp-content\\\/uploads\\\/2021\\\/02\\\/cropped-BASARY-logo-scaled-1.jpg\",\"width\":2560,\"height\":1201,\"caption\":\"Liday - Ba\u0161aryov\u00e1 & Partners\"},\"image\":{\"@id\":\"https:\\\/\\\/www.lidaybasaryova.sk\\\/#\\\/schema\\\/logo\\\/image\\\/\"}}]}<\/script>\n<!-- \/ Yoast SEO plugin. -->","yoast_head_json":{"title":"O kancel\u00e1rii - LIDAY BA\u0160ARYOV\u00c1 &amp; PARTNERS | pr\u00e1vnik | advok\u00e1t | Bratislava | Ru\u017eomberok","robots":{"index":"index","follow":"follow","max-snippet":"max-snippet:-1","max-image-preview":"max-image-preview:large","max-video-preview":"max-video-preview:-1"},"canonical":"https:\/\/www.lidaybasaryova.sk\/en\/o-kancelarii\/","og_locale":"en_US","og_type":"article","og_title":"O kancel\u00e1rii - LIDAY BA\u0160ARYOV\u00c1 &amp; PARTNERS | pr\u00e1vnik | advok\u00e1t | Bratislava | Ru\u017eomberok","og_url":"https:\/\/www.lidaybasaryova.sk\/en\/o-kancelarii\/","og_site_name":"LIDAY BA\u0160ARYOV\u00c1 &amp; PARTNERS | pr\u00e1vnik | advok\u00e1t | Bratislava | Ru\u017eomberok","article_modified_time":"2025-07-27T12:41:09+00:00","og_image":[{"url":"https:\/\/www.lidaybasaryova.sk\/wp-content\/uploads\/2021\/04\/ak_team-618x1024.jpg","type":"","width":"","height":""}],"twitter_card":"summary_large_image","twitter_misc":{"Est. reading time":"3 minutes"},"schema":{"@context":"https:\/\/schema.org","@graph":[{"@type":"WebPage","@id":"https:\/\/www.lidaybasaryova.sk\/o-kancelarii\/","url":"https:\/\/www.lidaybasaryova.sk\/o-kancelarii\/","name":"O kancel\u00e1rii - LIDAY BA\u0160ARYOV\u00c1 &amp; PARTNERS | pr\u00e1vnik | advok\u00e1t | Bratislava | Ru\u017eomberok","isPartOf":{"@id":"https:\/\/www.lidaybasaryova.sk\/#website"},"primaryImageOfPage":{"@id":"https:\/\/www.lidaybasaryova.sk\/o-kancelarii\/#primaryimage"},"image":{"@id":"https:\/\/www.lidaybasaryova.sk\/o-kancelarii\/#primaryimage"},"thumbnailUrl":"https:\/\/www.lidaybasaryova.sk\/wp-content\/uploads\/2021\/04\/ak_team-618x1024.jpg","datePublished":"2020-02-26T08:07:17+00:00","dateModified":"2025-07-27T12:41:09+00:00","breadcrumb":{"@id":"https:\/\/www.lidaybasaryova.sk\/o-kancelarii\/#breadcrumb"},"inLanguage":"en-US","potentialAction":[{"@type":"ReadAction","target":["https:\/\/www.lidaybasaryova.sk\/o-kancelarii\/"]}]},{"@type":"ImageObject","inLanguage":"en-US","@id":"https:\/\/www.lidaybasaryova.sk\/o-kancelarii\/#primaryimage","url":"https:\/\/www.lidaybasaryova.sk\/wp-content\/uploads\/2021\/04\/ak_team-618x1024.jpg","contentUrl":"https:\/\/www.lidaybasaryova.sk\/wp-content\/uploads\/2021\/04\/ak_team-618x1024.jpg"},{"@type":"BreadcrumbList","@id":"https:\/\/www.lidaybasaryova.sk\/o-kancelarii\/#breadcrumb","itemListElement":[{"@type":"ListItem","position":1,"name":"advok\u00e1t","item":"https:\/\/www.lidaybasaryova.sk\/"},{"@type":"ListItem","position":2,"name":"O kancel\u00e1rii"}]},{"@type":"WebSite","@id":"https:\/\/www.lidaybasaryova.sk\/#website","url":"https:\/\/www.lidaybasaryova.sk\/","name":"Liday - Ba\u0161aryov\u00e1 & Partners","description":"advok\u00e1t | pr\u00e1vnik | pr\u00e1vne slu\u017eby | 2026","publisher":{"@id":"https:\/\/www.lidaybasaryova.sk\/#organization"},"potentialAction":[{"@type":"SearchAction","target":{"@type":"EntryPoint","urlTemplate":"https:\/\/www.lidaybasaryova.sk\/?s={search_term_string}"},"query-input":{"@type":"PropertyValueSpecification","valueRequired":true,"valueName":"search_term_string"}}],"inLanguage":"en-US"},{"@type":"Organization","@id":"https:\/\/www.lidaybasaryova.sk\/#organization","name":"Liday - Ba\u0161aryov\u00e1 & Partners","url":"https:\/\/www.lidaybasaryova.sk\/","logo":{"@type":"ImageObject","inLanguage":"en-US","@id":"https:\/\/www.lidaybasaryova.sk\/#\/schema\/logo\/image\/","url":"https:\/\/www.lidaybasaryova.sk\/wp-content\/uploads\/2021\/02\/cropped-BASARY-logo-scaled-1.jpg","contentUrl":"https:\/\/www.lidaybasaryova.sk\/wp-content\/uploads\/2021\/02\/cropped-BASARY-logo-scaled-1.jpg","width":2560,"height":1201,"caption":"Liday - Ba\u0161aryov\u00e1 & Partners"},"image":{"@id":"https:\/\/www.lidaybasaryova.sk\/#\/schema\/logo\/image\/"}}]}},"jetpack_sharing_enabled":true,"_links":{"self":[{"href":"https:\/\/www.lidaybasaryova.sk\/en\/wp-json\/wp\/v2\/pages\/161","targetHints":{"allow":["GET"]}}],"collection":[{"href":"https:\/\/www.lidaybasaryova.sk\/en\/wp-json\/wp\/v2\/pages"}],"about":[{"href":"https:\/\/www.lidaybasaryova.sk\/en\/wp-json\/wp\/v2\/types\/page"}],"author":[{"embeddable":true,"href":"https:\/\/www.lidaybasaryova.sk\/en\/wp-json\/wp\/v2\/users\/1"}],"replies":[{"embeddable":true,"href":"https:\/\/www.lidaybasaryova.sk\/en\/wp-json\/wp\/v2\/comments?post=161"}],"version-history":[{"count":124,"href":"https:\/\/www.lidaybasaryova.sk\/en\/wp-json\/wp\/v2\/pages\/161\/revisions"}],"predecessor-version":[{"id":4281,"href":"https:\/\/www.lidaybasaryova.sk\/en\/wp-json\/wp\/v2\/pages\/161\/revisions\/4281"}],"wp:attachment":[{"href":"https:\/\/www.lidaybasaryova.sk\/en\/wp-json\/wp\/v2\/media?parent=161"}],"curies":[{"name":"wp","href":"https:\/\/api.w.org\/{rel}","templated":true}]}}