{"id":1527,"date":"2021-10-01T13:34:09","date_gmt":"2021-10-01T12:34:09","guid":{"rendered":"https:\/\/www.lidaybasaryova.sk\/?page_id=1527"},"modified":"2021-10-14T19:53:57","modified_gmt":"2021-10-14T18:53:57","slug":"gdpr-implementacia","status":"publish","type":"page","link":"https:\/\/www.lidaybasaryova.sk\/en\/gdpr-implementacia\/","title":{"rendered":"GDPR implement\u00e1cia"},"content":{"rendered":"<p class=\"has-large-font-size\"><strong>Na\u0161e slu\u017eby<\/strong><\/p>\n\n\n\n<ul class=\"wp-block-list\"><li><strong>vypracovanie internej dokument\u00e1cie o\u00a0sprac\u00favan\u00ed osobn\u00fdch \u00fadajov<\/strong><\/li><li><strong>vypracovanie znenia s\u00fahlasov a\u00a0informa\u010dnej povinnosti pre dotknut\u00e9 osoby <\/strong>(odber newslettra, pou\u017e\u00edvanie cookies at\u010f.)<\/li><li><strong>zastupovanie pred \u00daradom na ochranu osobn\u00fdch \u00fadajov<\/strong> (zastupovanie v spr\u00e1vnom konan\u00ed o ochrane osobn\u00fdch \u00fadajov)<\/li><li><strong>zastupovanie po\u010das v\u00fdkonu kontroly sprac\u00favania osobn\u00fdch \u00fadajov zo strany \u00daradu na ochranu osobn\u00fdch \u00fadajov<\/strong><\/li><li><strong>vypracovanie balan\u010dn\u00e9ho testu (test proporcionality) pre pos\u00fadenie opr\u00e1vnen\u00e9ho z\u00e1ujmu<\/strong><\/li><li><strong>vypracovanie z\u00e1znamov o\u00a0spracovate\u013esk\u00fdch \u010dinnostiach<\/strong><\/li><li><strong>anal\u00fdza rozsahu a\u00a0nutnosti sprac\u00favania osobn\u00fdch \u00fadajov<\/strong><\/li><li><strong>anal\u00fdza \u00fa\u010delov a\u00a0pr\u00e1vnych z\u00e1kladov sprac\u00favania osobn\u00fdch \u00fadajov<\/strong><\/li><li><strong>anal\u00fdza sprostredkovate\u013eov a vypracovanie sprostredkovate\u013esk\u00fdch zml\u00fav<\/strong><\/li><li><strong>\u0161kolenia k\u00a0aplik\u00e1cii GDPR pripraven\u00e9 na mieru vr\u00e1tane pr\u00edpravy prezent\u00e1ci\u00ed a\u00a0\u0161tudijn\u00fdch materi\u00e1lov<\/strong><\/li><li><strong>rev\u00edzia a\u00a0pripomienkovanie u\u017e existuj\u00facich dokumentov vo vz\u0165ahu k\u00a0ochrane osobn\u00fdch \u00fadajov <\/strong>(intern\u00e9 smernice o\u00a0sprac\u00favan\u00ed osobn\u00fdch \u00fadajov, VOP, sprostredkovate\u013esk\u00e9 zmluvy)<\/li><li><strong>vypracovanie stanov\u00edsk a\u00a0anal\u00fdz ku konkr\u00e9tnym praktick\u00fdm ot\u00e1zkam s\u00favisiacim so sprac\u00favan\u00edm osobn\u00fdch \u00fadajov <\/strong>(napr. monitorovanie zamestnancov, kamery na pracovisku, bezpe\u010dnostn\u00e9 kamery na rodinnom dome, rozsah \u00fadajov v\u00a0datab\u00e1ze klientov at\u010f.)<\/li><li><strong>vypracovanie tzv. DPIA &#8211; pos\u00fadenia vplyvu na ochranu osobn\u00fdch \u00fadajov<\/strong><\/li><li><strong>osobn\u00e9, telefonick\u00e9 a\u00a0e-mailov\u00e9 konzult\u00e1cie k\u00a0ochrane osobn\u00fdch \u00fadajov<\/strong><\/li><\/ul>\n\n\n\n<div class=\"wp-block-themeisle-blocks-advanced-columns has-2-columns has-desktop-equal-layout has-tablet-equal-layout has-mobile-collapsedRows-layout has-default-gap has-vertical-unset\" id=\"wp-block-themeisle-blocks-advanced-columns-c5c00278\"><div class=\"wp-block-themeisle-blocks-advanced-columns-overlay\"><\/div><div class=\"innerblocks-wrap\">\n<div class=\"wp-block-themeisle-blocks-advanced-column\" id=\"wp-block-themeisle-blocks-advanced-column-11ae1587\">\n<h2 class=\"wp-block-heading\"><strong>V\u00fdznam GDPR a ochrany osobn\u00fdch \u00fadajov<\/strong><\/h2>\n\n\n\n<p>D\u0148a 27. apr\u00edla 2016&nbsp; bolo prijat\u00e9 Nariadenie Eur\u00f3pskeho parlamentu a Rady E\u00da \u010d. 2016\/679 o ochrane fyzick\u00fdch os\u00f4b pri sprac\u00favan\u00ed osobn\u00fdch \u00fadajov a o vo\u013enom pohybe t\u00fdchto \u00fadajov, ktor\u00fdm sa zru\u0161uje&nbsp; Smernica \u010d. 95\/46\/ES (\u010falej ako \u201e<strong>GDPR<\/strong>\u201c).<\/p>\n\n\n\n<p>GDPR predstavuje z\u00e1sadn\u00fd posun v oblasti ochrany osobn\u00fdch \u00fadajov a z\u00e1rove\u0148 sa stalo modelov\u00fdm pr\u00e1vnym predpisom pre z\u00e1kony prijat\u00e9 v \u010fal\u0161\u00edch \u0161t\u00e1toch sveta. K\u013e\u00fa\u010dov\u00fdm pojmom GDPR je pojem \u201c<strong>osobn\u00fd \u00fadaj<\/strong>\u201d, ktor\u00fd predstavuje <strong>ak\u00fako\u013evek <\/strong>inform\u00e1ciu t\u00fdkaj\u00facu sa identifikovanej alebo identifikovate\u013enej fyzickej osoby. Tak\u00fato fyzick\u00fa osobu potom GDPR naz\u00fdva \u201c<strong>dotknut\u00e1 osoba<\/strong>\u201d.<\/p>\n\n\n\n<p>Ochrana osobn\u00fdch \u00fadajov rastie na v\u00fdzname aj z d\u00f4vodu glob\u00e1lneho technologick\u00e9ho pokroku a rozvoja soci\u00e1lnych m\u00e9di\u00ed a r\u00f4znych internetov\u00fdch slu\u017eieb a aplik\u00e1ci\u00ed, ktor\u00e9 sprac\u00favaj\u00fa ve\u013ek\u00e9 mno\u017estvo osobn\u00fdch \u00fadajov st\u00e1le v\u00e4\u010d\u0161ieho po\u010dtu dotknut\u00fdch os\u00f4b. Pri sprac\u00favan\u00ed osobn\u00fdch \u00fadajov pod\u013ea GDPR sa preto musia re\u0161pektova\u0165 z\u00e1kladn\u00e9 pr\u00e1va a slobody.<\/p>\n\n\n\n<p>\u010eal\u0161\u00edm d\u00f4le\u017eit\u00fdm pojmom je pojem \u201c<strong>prev\u00e1dzkovate\u013e<\/strong>\u201d, ktor\u00fdm je fyzick\u00e1 alebo pr\u00e1vnick\u00e1 osoba, org\u00e1n verejnej moci, agent\u00fara alebo in\u00fd subjekt, ktor\u00fd s\u00e1m alebo spolo\u010dne s in\u00fdmi ur\u010d\u00ed \u00fa\u010dely a prostriedky sprac\u00favania osobn\u00fdch \u00fadajov. V praxi to znamen\u00e1, \u017ee prev\u00e1dzkovate\u013eom s\u00fa aj fyzick\u00e9 osoby &#8211; podnikatelia (napr. \u017eivnostn\u00edci), obchodn\u00e9 spolo\u010dnosti (napr. s. r. o., a. s.), ale aj in\u00e9 pr\u00e1vnick\u00e9 osoby (napr. ob\u010dianske zdru\u017eenia, nad\u00e1cie).<\/p>\n\n\n\n<p>Od 25. m\u00e1ja 2018 ka\u017ed\u00fd prev\u00e1dzkovate\u013e, ktor\u00fd sprac\u00fava osobn\u00e9 \u00fadaje fyzick\u00fdch os\u00f4b z \u010dlensk\u00fdch \u0161t\u00e1tov Eur\u00f3pskej \u00fanie mus\u00ed dodr\u017eiava\u0165 pravidl\u00e1 a po\u017eiadavky ochrany osobn\u00fdch \u00fadajov pod\u013ea GDPR. Preto je d\u00f4le\u017eit\u00e1 jeho spr\u00e1vna implement\u00e1cia u&nbsp;ka\u017ed\u00e9ho prev\u00e1dzkovate\u013ea.<\/p>\n\n\n\n<p>Spozornie\u0165 by mali <strong>v\u0161etky subjekty, ktor\u00e9 sprac\u00favaj\u00fa osobn\u00e9 \u00fadaje fyzick\u00fdch os\u00f4b<\/strong>. Pr\u00e1ve ich sa GDPR priamo t\u00fdka a od 25. m\u00e1ja 2018 s\u00fa povinn\u00e9 zos\u00faladi\u0165 svoje intern\u00e9 postupy s t\u00fdmto nariaden\u00edm, inak im hrozia ni\u017e\u0161ie uveden\u00e9 sankcie. V praxi ide o ka\u017ed\u00fa spolo\u010dnos\u0165, ktor\u00e1 m\u00e1 zamestnancov, datab\u00e1zu z\u00e1kazn\u00edkov, dod\u00e1vate\u013eov alebo partnerov. Na trhu pravdepodobne \u0165a\u017eko n\u00e1jdeme spolo\u010dnos\u0165, ktorej by sa GDPR net\u00fdkalo.<\/p>\n\n\n\n<p><strong>Najd\u00f4le\u017eitej\u0161ie povinnosti pod\u013ea GDPR<\/strong><\/p>\n\n\n\n<ul class=\"wp-block-list\"><li>ustanovenie zodpovednej osoby<\/li><li>upravenie pr\u00edslu\u0161nej dokument\u00e1cie pod\u013ea novej pr\u00e1vnej \u00fapravy a\u00a0jej n\u00e1sledn\u00e9 aktualiz\u00e1cie<\/li><li>rev\u00edzia s\u00fahlasu so spracovan\u00edm osobn\u00fdch \u00fadajov<\/li><li>informa\u010dn\u00e1 povinnos\u0165 vo\u010di dotknut\u00fdm osob\u00e1m<\/li><li>oznamovanie bezpe\u010dnostn\u00fdch incidentov dozorn\u00e9mu org\u00e1nu a dotknut\u00fdm osob\u00e1m<\/li><li>vybavovanie pr\u00e1v dotknut\u00fdch os\u00f4b<\/li><li>pos\u00fadenie vplyvu na ochranu osobn\u00fdch \u00fadajov<\/li><li>prijatie organiza\u010dn\u00fdch a technick\u00fdch bezpe\u010dnostn\u00fdch opatren\u00ed<\/li><\/ul>\n<\/div>\n\n\n\n<div class=\"wp-block-themeisle-blocks-advanced-column\" id=\"wp-block-themeisle-blocks-advanced-column-7c18d629\">\n<h2 class=\"wp-block-heading\"><strong>Pr\u00ednosy implement\u00e1cie GDPR<\/strong><\/h2>\n\n\n\n<p>Hlavn\u00e9 pr\u00ednosy GDPR implement\u00e1cie je mo\u017en\u00e9 zosumarizova\u0165 do t\u00fdchto bodov:<\/p>\n\n\n\n<ul class=\"wp-block-list\"><li>s\u00falad ochrany osobn\u00fdch \u00fadajov u prev\u00e1dzkovate\u013ea s GDPR<\/li><li>skvalitnenie ochrany osobn\u00fdch \u00fadajov<\/li><li>zn\u00ed\u017eenie rizika poru\u0161ovania z\u00e1konov<\/li><li>zn\u00ed\u017eenie rizika postihov za poru\u0161ovanie povinnost\u00ed pri nakladan\u00ed s&nbsp;osobn\u00fdmi \u00fadajmi<\/li><li>identifik\u00e1cia pr\u00ed\u010din probl\u00e9mov, ich dopadov a pripraven\u00e9 opatrenia<\/li><li>st\u00e1le aktu\u00e1lny a funguj\u00faci syst\u00e9m ochrany osobn\u00fdch \u00fadajov<\/li><li>dobr\u00e9 vz\u0165ahy s klientmi, dod\u00e1vate\u013emi a zamestnancami<\/li><li>zv\u00fd\u0161enie kreditu a d\u00f4veryhodnosti prev\u00e1dzkovate\u013ea<\/li><\/ul>\n\n\n\n<p><\/p>\n\n\n\n<p><strong>Pr\u00e1va a povinnosti pod\u013ea GDPR<\/strong><\/p>\n\n\n\n<p>GDPR obsahuje mnoho <strong>pr\u00e1v pre dotknut\u00e9 osoby<\/strong>, ako napr\u00edklad:<\/p>\n\n\n\n<ul class=\"wp-block-list\"><li>pr\u00e1vo na inform\u00e1cie o sprac\u00favan\u00ed<\/li><li>pr\u00e1vo na pr\u00edstup k \u00fadajom<\/li><li>pr\u00e1vo na opravu a v\u00fdmaz (pr\u00e1vo by\u0165 zabudnut\u00fd)<\/li><li>pr\u00e1vo na obmedzenie sprac\u00favania \u00fadajov<\/li><li>pr\u00e1vo na prenosnos\u0165 \u00fadajov<\/li><li>pr\u00e1vo namieta\u0165 vo\u010di sprac\u00favaniu<\/li><li>pr\u00e1vo na ochranu pred automatizovan\u00fdm individu\u00e1lnym rozhodovan\u00edm a profilovan\u00edm<\/li><li>pr\u00e1vo na inform\u00e1ciu o bezpe\u010dnostnom incidente<\/li><\/ul>\n\n\n\n<p><\/p>\n\n\n\n<p><strong>Sankcie za nedodr\u017eanie GDPR<\/strong><\/p>\n\n\n\n<p>GDPR je dos\u0165 pr\u00edsne, \u010do sa t\u00fdka sankci\u00ed za jeho nedodr\u017eiavanie. K\u00fdm&nbsp; p\u00f4vodn\u00e1 pr\u00e1vna \u00faprava umo\u017e\u0148ovala dozorn\u00e9mu org\u00e1nu ulo\u017ei\u0165 pri poru\u0161en\u00ed z\u00e1kona o ochrane osobn\u00fdch \u00fadajov pokutu do v\u00fd\u0161ky 200.000,- EUR, od \u00fa\u010dinnosti GDPR horn\u00e1 hranica pe\u0148a\u017enej sankcie predstavuje sumu vo v\u00fd\u0161ke 20.000.000,- EUR alebo 4 % z celosvetov\u00e9ho ro\u010dn\u00e9ho obratu (v z\u00e1vislosti od toho, ktor\u00e1 suma je vy\u0161\u0161ia).<\/p>\n\n\n\n<p>Okrem pe\u0148a\u017enej sankcie je v pr\u00edpade nedodr\u017eania ustanoven\u00ed GDPR potrebn\u00e9 po\u010d\u00edta\u0165 aj s uplatnen\u00edm <strong>pr\u00e1va na n\u00e1hradu sp\u00f4sobenej \u0161kody<\/strong> od prev\u00e1dzkovate\u013ea alebo sprostredkovate\u013ea, pokia\u013e dotknut\u00e1 osoba v d\u00f4sledku poru\u0161enia GDPR utrpela majetkov\u00fa a \/ alebo nemajetkov\u00fa ujmu.<\/p>\n\n\n\n<p>Do \u00favahy je potrebn\u00e9 zahrn\u00fa\u0165 aj <strong>reputa\u010dn\u00e9 straty<\/strong>, ke\u010f\u017ee mnoh\u00e9 pr\u00edpady poru\u0161enia ochrany osobn\u00fdch \u00fadajov, \u00fanikov inform\u00e1ci\u00ed, resp. ak\u00fdchko\u013evek bezpe\u010dnostn\u00fdch incidentov ohrozuj\u00facich osobn\u00e9 \u00fadaje dotknut\u00fdch os\u00f4b s\u00fa medializovan\u00e9 a&nbsp;v\u00fdrazne zni\u017euj\u00fa d\u00f4veryhodnos\u0165 prev\u00e1dzkovate\u013ea ako poskytovate\u013ea tovarov a&nbsp;slu\u017eieb, obchodn\u00e9ho partnera alebo aj zamestn\u00e1vate\u013ea.<\/p>\n<\/div>\n<\/div><\/div>\n\n\n\n<p><\/p>","protected":false},"excerpt":{"rendered":"<p>Na\u0161e slu\u017eby vypracovanie internej dokument\u00e1cie o\u00a0sprac\u00favan\u00ed osobn\u00fdch \u00fadajov vypracovanie znenia s\u00fahlasov a\u00a0informa\u010dnej povinnosti pre dotknut\u00e9 osoby (odber newslettra, pou\u017e\u00edvanie cookies at\u010f.) zastupovanie pred \u00daradom na ochranu osobn\u00fdch \u00fadajov (zastupovanie v spr\u00e1vnom konan\u00ed o ochrane osobn\u00fdch \u00fadajov) zastupovanie po\u010das v\u00fdkonu kontroly sprac\u00favania osobn\u00fdch \u00fadajov zo strany \u00daradu na ochranu osobn\u00fdch \u00fadajov vypracovanie balan\u010dn\u00e9ho testu (test proporcionality)&hellip;&nbsp;<a href=\"https:\/\/www.lidaybasaryova.sk\/en\/gdpr-implementacia\/\" rel=\"bookmark\">Read More &raquo;<span class=\"screen-reader-text\">GDPR implement\u00e1cia<\/span><\/a><\/p>","protected":false},"author":1,"featured_media":0,"parent":0,"menu_order":0,"comment_status":"closed","ping_status":"closed","template":"","meta":{"_eb_attr":"","neve_meta_sidebar":"full-width","neve_meta_container":"","neve_meta_enable_content_width":"on","neve_meta_content_width":100,"neve_meta_title_alignment":"","neve_meta_author_avatar":"","neve_post_elements_order":"","neve_meta_disable_header":"","neve_meta_disable_footer":"","neve_meta_disable_title":"","_themeisle_gutenberg_block_has_review":false,"footnotes":""},"class_list":["post-1527","page","type-page","status-publish","hentry"],"yoast_head":"<!-- This site is optimized with the Yoast SEO plugin v27.5 - https:\/\/yoast.com\/product\/yoast-seo-wordpress\/ -->\n<title>GDPR implement\u00e1cia - LIDAY BA\u0160ARYOV\u00c1 &amp; PARTNERS | pr\u00e1vnik | advok\u00e1t | Bratislava | Ru\u017eomberok<\/title>\n<meta name=\"robots\" content=\"index, follow, max-snippet:-1, max-image-preview:large, max-video-preview:-1\" \/>\n<link rel=\"canonical\" href=\"https:\/\/www.lidaybasaryova.sk\/en\/gdpr-implementacia\/\" \/>\n<meta property=\"og:locale\" content=\"en_US\" \/>\n<meta property=\"og:type\" content=\"article\" \/>\n<meta property=\"og:title\" content=\"GDPR implement\u00e1cia - LIDAY BA\u0160ARYOV\u00c1 &amp; PARTNERS | pr\u00e1vnik | advok\u00e1t | Bratislava | Ru\u017eomberok\" \/>\n<meta property=\"og:description\" content=\"Na\u0161e slu\u017eby vypracovanie internej dokument\u00e1cie o\u00a0sprac\u00favan\u00ed osobn\u00fdch \u00fadajov vypracovanie znenia s\u00fahlasov a\u00a0informa\u010dnej povinnosti pre dotknut\u00e9 osoby (odber newslettra, pou\u017e\u00edvanie cookies at\u010f.) zastupovanie pred \u00daradom na ochranu osobn\u00fdch \u00fadajov (zastupovanie v spr\u00e1vnom konan\u00ed o ochrane osobn\u00fdch \u00fadajov) zastupovanie po\u010das v\u00fdkonu kontroly sprac\u00favania osobn\u00fdch \u00fadajov zo strany \u00daradu na ochranu osobn\u00fdch \u00fadajov vypracovanie balan\u010dn\u00e9ho testu (test proporcionality)&hellip;&nbsp;Read More &raquo;GDPR implement\u00e1cia\" \/>\n<meta property=\"og:url\" content=\"https:\/\/www.lidaybasaryova.sk\/en\/gdpr-implementacia\/\" \/>\n<meta property=\"og:site_name\" content=\"LIDAY BA\u0160ARYOV\u00c1 &amp; PARTNERS | pr\u00e1vnik | advok\u00e1t | Bratislava | Ru\u017eomberok\" \/>\n<meta property=\"article:modified_time\" content=\"2021-10-14T18:53:57+00:00\" \/>\n<meta name=\"twitter:card\" content=\"summary_large_image\" \/>\n<meta name=\"twitter:label1\" content=\"Est. reading time\" \/>\n\t<meta name=\"twitter:data1\" content=\"4 minutes\" \/>\n<script type=\"application\/ld+json\" class=\"yoast-schema-graph\">{\"@context\":\"https:\\\/\\\/schema.org\",\"@graph\":[{\"@type\":\"WebPage\",\"@id\":\"https:\\\/\\\/www.lidaybasaryova.sk\\\/gdpr-implementacia\\\/\",\"url\":\"https:\\\/\\\/www.lidaybasaryova.sk\\\/gdpr-implementacia\\\/\",\"name\":\"GDPR implement\u00e1cia - LIDAY BA\u0160ARYOV\u00c1 &amp; PARTNERS | pr\u00e1vnik | advok\u00e1t | Bratislava | Ru\u017eomberok\",\"isPartOf\":{\"@id\":\"https:\\\/\\\/www.lidaybasaryova.sk\\\/#website\"},\"datePublished\":\"2021-10-01T12:34:09+00:00\",\"dateModified\":\"2021-10-14T18:53:57+00:00\",\"breadcrumb\":{\"@id\":\"https:\\\/\\\/www.lidaybasaryova.sk\\\/gdpr-implementacia\\\/#breadcrumb\"},\"inLanguage\":\"en-US\",\"potentialAction\":[{\"@type\":\"ReadAction\",\"target\":[\"https:\\\/\\\/www.lidaybasaryova.sk\\\/gdpr-implementacia\\\/\"]}]},{\"@type\":\"BreadcrumbList\",\"@id\":\"https:\\\/\\\/www.lidaybasaryova.sk\\\/gdpr-implementacia\\\/#breadcrumb\",\"itemListElement\":[{\"@type\":\"ListItem\",\"position\":1,\"name\":\"advok\u00e1t\",\"item\":\"https:\\\/\\\/www.lidaybasaryova.sk\\\/\"},{\"@type\":\"ListItem\",\"position\":2,\"name\":\"GDPR implement\u00e1cia\"}]},{\"@type\":\"WebSite\",\"@id\":\"https:\\\/\\\/www.lidaybasaryova.sk\\\/#website\",\"url\":\"https:\\\/\\\/www.lidaybasaryova.sk\\\/\",\"name\":\"Liday - Ba\u0161aryov\u00e1 & Partners\",\"description\":\"advok\u00e1t | pr\u00e1vnik | pr\u00e1vne slu\u017eby | 2026\",\"publisher\":{\"@id\":\"https:\\\/\\\/www.lidaybasaryova.sk\\\/#organization\"},\"potentialAction\":[{\"@type\":\"SearchAction\",\"target\":{\"@type\":\"EntryPoint\",\"urlTemplate\":\"https:\\\/\\\/www.lidaybasaryova.sk\\\/?s={search_term_string}\"},\"query-input\":{\"@type\":\"PropertyValueSpecification\",\"valueRequired\":true,\"valueName\":\"search_term_string\"}}],\"inLanguage\":\"en-US\"},{\"@type\":\"Organization\",\"@id\":\"https:\\\/\\\/www.lidaybasaryova.sk\\\/#organization\",\"name\":\"Liday - Ba\u0161aryov\u00e1 & Partners\",\"url\":\"https:\\\/\\\/www.lidaybasaryova.sk\\\/\",\"logo\":{\"@type\":\"ImageObject\",\"inLanguage\":\"en-US\",\"@id\":\"https:\\\/\\\/www.lidaybasaryova.sk\\\/#\\\/schema\\\/logo\\\/image\\\/\",\"url\":\"https:\\\/\\\/www.lidaybasaryova.sk\\\/wp-content\\\/uploads\\\/2021\\\/02\\\/cropped-BASARY-logo-scaled-1.jpg\",\"contentUrl\":\"https:\\\/\\\/www.lidaybasaryova.sk\\\/wp-content\\\/uploads\\\/2021\\\/02\\\/cropped-BASARY-logo-scaled-1.jpg\",\"width\":2560,\"height\":1201,\"caption\":\"Liday - Ba\u0161aryov\u00e1 & Partners\"},\"image\":{\"@id\":\"https:\\\/\\\/www.lidaybasaryova.sk\\\/#\\\/schema\\\/logo\\\/image\\\/\"}}]}<\/script>\n<!-- \/ Yoast SEO plugin. -->","yoast_head_json":{"title":"GDPR implement\u00e1cia - LIDAY BA\u0160ARYOV\u00c1 &amp; PARTNERS | pr\u00e1vnik | advok\u00e1t | Bratislava | Ru\u017eomberok","robots":{"index":"index","follow":"follow","max-snippet":"max-snippet:-1","max-image-preview":"max-image-preview:large","max-video-preview":"max-video-preview:-1"},"canonical":"https:\/\/www.lidaybasaryova.sk\/en\/gdpr-implementacia\/","og_locale":"en_US","og_type":"article","og_title":"GDPR implement\u00e1cia - LIDAY BA\u0160ARYOV\u00c1 &amp; PARTNERS | pr\u00e1vnik | advok\u00e1t | Bratislava | Ru\u017eomberok","og_description":"Na\u0161e slu\u017eby vypracovanie internej dokument\u00e1cie o\u00a0sprac\u00favan\u00ed osobn\u00fdch \u00fadajov vypracovanie znenia s\u00fahlasov a\u00a0informa\u010dnej povinnosti pre dotknut\u00e9 osoby (odber newslettra, pou\u017e\u00edvanie cookies at\u010f.) zastupovanie pred \u00daradom na ochranu osobn\u00fdch \u00fadajov (zastupovanie v spr\u00e1vnom konan\u00ed o ochrane osobn\u00fdch \u00fadajov) zastupovanie po\u010das v\u00fdkonu kontroly sprac\u00favania osobn\u00fdch \u00fadajov zo strany \u00daradu na ochranu osobn\u00fdch \u00fadajov vypracovanie balan\u010dn\u00e9ho testu (test proporcionality)&hellip;&nbsp;Read More &raquo;GDPR implement\u00e1cia","og_url":"https:\/\/www.lidaybasaryova.sk\/en\/gdpr-implementacia\/","og_site_name":"LIDAY BA\u0160ARYOV\u00c1 &amp; PARTNERS | pr\u00e1vnik | advok\u00e1t | Bratislava | Ru\u017eomberok","article_modified_time":"2021-10-14T18:53:57+00:00","twitter_card":"summary_large_image","twitter_misc":{"Est. reading time":"4 minutes"},"schema":{"@context":"https:\/\/schema.org","@graph":[{"@type":"WebPage","@id":"https:\/\/www.lidaybasaryova.sk\/gdpr-implementacia\/","url":"https:\/\/www.lidaybasaryova.sk\/gdpr-implementacia\/","name":"GDPR implement\u00e1cia - LIDAY BA\u0160ARYOV\u00c1 &amp; PARTNERS | pr\u00e1vnik | advok\u00e1t | Bratislava | Ru\u017eomberok","isPartOf":{"@id":"https:\/\/www.lidaybasaryova.sk\/#website"},"datePublished":"2021-10-01T12:34:09+00:00","dateModified":"2021-10-14T18:53:57+00:00","breadcrumb":{"@id":"https:\/\/www.lidaybasaryova.sk\/gdpr-implementacia\/#breadcrumb"},"inLanguage":"en-US","potentialAction":[{"@type":"ReadAction","target":["https:\/\/www.lidaybasaryova.sk\/gdpr-implementacia\/"]}]},{"@type":"BreadcrumbList","@id":"https:\/\/www.lidaybasaryova.sk\/gdpr-implementacia\/#breadcrumb","itemListElement":[{"@type":"ListItem","position":1,"name":"advok\u00e1t","item":"https:\/\/www.lidaybasaryova.sk\/"},{"@type":"ListItem","position":2,"name":"GDPR implement\u00e1cia"}]},{"@type":"WebSite","@id":"https:\/\/www.lidaybasaryova.sk\/#website","url":"https:\/\/www.lidaybasaryova.sk\/","name":"Liday - Ba\u0161aryov\u00e1 & Partners","description":"advok\u00e1t | pr\u00e1vnik | pr\u00e1vne slu\u017eby | 2026","publisher":{"@id":"https:\/\/www.lidaybasaryova.sk\/#organization"},"potentialAction":[{"@type":"SearchAction","target":{"@type":"EntryPoint","urlTemplate":"https:\/\/www.lidaybasaryova.sk\/?s={search_term_string}"},"query-input":{"@type":"PropertyValueSpecification","valueRequired":true,"valueName":"search_term_string"}}],"inLanguage":"en-US"},{"@type":"Organization","@id":"https:\/\/www.lidaybasaryova.sk\/#organization","name":"Liday - Ba\u0161aryov\u00e1 & Partners","url":"https:\/\/www.lidaybasaryova.sk\/","logo":{"@type":"ImageObject","inLanguage":"en-US","@id":"https:\/\/www.lidaybasaryova.sk\/#\/schema\/logo\/image\/","url":"https:\/\/www.lidaybasaryova.sk\/wp-content\/uploads\/2021\/02\/cropped-BASARY-logo-scaled-1.jpg","contentUrl":"https:\/\/www.lidaybasaryova.sk\/wp-content\/uploads\/2021\/02\/cropped-BASARY-logo-scaled-1.jpg","width":2560,"height":1201,"caption":"Liday - Ba\u0161aryov\u00e1 & Partners"},"image":{"@id":"https:\/\/www.lidaybasaryova.sk\/#\/schema\/logo\/image\/"}}]}},"jetpack_sharing_enabled":true,"_links":{"self":[{"href":"https:\/\/www.lidaybasaryova.sk\/en\/wp-json\/wp\/v2\/pages\/1527","targetHints":{"allow":["GET"]}}],"collection":[{"href":"https:\/\/www.lidaybasaryova.sk\/en\/wp-json\/wp\/v2\/pages"}],"about":[{"href":"https:\/\/www.lidaybasaryova.sk\/en\/wp-json\/wp\/v2\/types\/page"}],"author":[{"embeddable":true,"href":"https:\/\/www.lidaybasaryova.sk\/en\/wp-json\/wp\/v2\/users\/1"}],"replies":[{"embeddable":true,"href":"https:\/\/www.lidaybasaryova.sk\/en\/wp-json\/wp\/v2\/comments?post=1527"}],"version-history":[{"count":10,"href":"https:\/\/www.lidaybasaryova.sk\/en\/wp-json\/wp\/v2\/pages\/1527\/revisions"}],"predecessor-version":[{"id":1585,"href":"https:\/\/www.lidaybasaryova.sk\/en\/wp-json\/wp\/v2\/pages\/1527\/revisions\/1585"}],"wp:attachment":[{"href":"https:\/\/www.lidaybasaryova.sk\/en\/wp-json\/wp\/v2\/media?parent=1527"}],"curies":[{"name":"wp","href":"https:\/\/api.w.org\/{rel}","templated":true}]}}